{"id":449,"date":"2025-11-17T13:34:24","date_gmt":"2025-11-17T05:34:24","guid":{"rendered":"https:\/\/jinkosolarpv.com\/?post_type=product&#038;p=449"},"modified":"2025-11-27T12:06:02","modified_gmt":"2025-11-27T04:06:02","slug":"modulo-bifacial-de-cristal-doble-monocristalino-trina-vertex-560-w-565-w-570-w-575-w-y-580-w","status":"publish","type":"product","link":"https:\/\/jinkosolarpv.com\/es\/product\/modulo-bifacial-de-cristal-doble-monocristalino-trina-vertex-560-w-565-w-570-w-575-w-y-580-w\/","title":{"rendered":"M\u00f3dulo monocristalino bifacial de doble vidrio Trina Vertex 560 W, 565 W, 570 W, 575 W, 580 W"},"content":{"rendered":"<p class=\"\"><strong>Detalles del producto<\/strong><\/p>\n<table width=\"688\" cellspacing=\"0\" cellpadding=\"0\">\n<colgroup>\n<col width=\"217\" \/>\n<col width=\"643\" \/><\/colgroup>\n<tbody>\n<tr class=\"firstRow\">\n<td width=\"174\" height=\"24\">C\u00e9lulas solares<\/td>\n<td class=\"\" width=\"514\">Monocristalino<\/td>\n<\/tr>\n<tr>\n<td width=\"174\" height=\"24\">N\u00ba de c\u00e9lulas<\/td>\n<td width=\"514\">150 celdas<\/td>\n<\/tr>\n<tr>\n<td width=\"174\" height=\"25\">Dimensiones del m\u00f3dulo<\/td>\n<td width=\"514\">2382 \u00d7 1134 \u00d7 30 mm (93,78 \u00d7 44,65 \u00d7 1,18 pulgadas)<\/td>\n<\/tr>\n<tr>\n<td width=\"174\" height=\"23\">Peso<\/td>\n<td width=\"514\">33,7 kg (74,3 lb)<\/td>\n<\/tr>\n<tr>\n<td width=\"174\" height=\"25\">\u00a0Vidrio<\/td>\n<td width=\"514\">2,0 mm (0,08 pulgadas), alta transmisi\u00f3n, vidrio templado con revestimiento antirreflectante<\/td>\n<\/tr>\n<tr>\n<td width=\"174\" height=\"24\">Material encapsulante<\/td>\n<td width=\"514\">EVA\/POE<\/td>\n<\/tr>\n<tr>\n<td width=\"174\" height=\"25\">Cristal trasero<\/td>\n<td width=\"514\">2,0 mm (0,08 pulgadas), vidrio templado (vidrio con rejilla blanca)<\/td>\n<\/tr>\n<tr>\n<td width=\"174\" height=\"24\">Marco<\/td>\n<td width=\"514\">30 mm (1,18 pulgadas) Aleaci\u00f3n de aluminio anodizado<\/td>\n<\/tr>\n<tr>\n<td width=\"174\" height=\"24\">J-Box<\/td>\n<td width=\"514\">Clasificaci\u00f3n IP 68<\/td>\n<\/tr>\n<tr>\n<td width=\"174\" height=\"73\">Cables<\/td>\n<td width=\"514\">Cable para tecnolog\u00eda fotovoltaica de 4,0 mm\u00b2 (0,006 pulgadas\u00b2) Vertical: 350\/280 mm (13,78\/11,02 pulgadas)<\/p>\n<p>La longitud se puede personalizar.<\/td>\n<\/tr>\n<tr>\n<td width=\"174\" height=\"28\">Conector<\/td>\n<td width=\"514\">TS4 Plus \/ TS4*<\/td>\n<\/tr>\n<\/tbody>\n<\/table>\n<p>&nbsp;<\/p>\n<h2><\/h2>\n<p><strong>M\u00f3dulo monocristalino bifacial de doble cristal Trina Vertex 560 W, 565 W, 570 W, 575 W, 580 W\u00a0<\/strong><\/p>\n<p><img decoding=\"async\" src=\"http:\/\/jinkosolarpv.com\/wp-content\/uploads\/2025\/11\/2188b8223d5428c42f0f82913f35bfaa.jpg\" alt=\"\" title=\"\"><img decoding=\"async\" src=\"http:\/\/jinkosolarpv.com\/wp-content\/uploads\/2025\/11\/07ba4f1fa1f9725849e99eae719ceece.jpg\" alt=\"\" title=\"\"><\/p>\n<p>&nbsp;<\/p>\n<p><img decoding=\"async\" src=\"http:\/\/jinkosolarpv.com\/wp-content\/uploads\/2025\/11\/83bf5a170fa42c32c9c426b3f13f6842.png\" alt=\"\" title=\"\"><\/p>","protected":false},"excerpt":{"rendered":"<p>N\u00famero de m\u00f3dulo: TSM-DEG19RC.20 560-580 W<br \/>\nPeso: 33,7 kg<br \/>\nPaquete:36pcs\/palet;720pcs\/40hq<br \/>\nEspecificaciones: 2382 x 1134 x 30 mm<br \/>\nMarca comercial: Trina Solar<br \/>\nOrigen:China<\/p>","protected":false},"featured_media":450,"comment_status":"open","ping_status":"closed","template":"","meta":{"site-sidebar-layout":"default","site-content-layout":"","ast-site-content-layout":"default","site-content-style":"default","site-sidebar-style":"default","ast-global-header-display":"","ast-banner-title-visibility":"","ast-main-header-display":"","ast-hfb-above-header-display":"","ast-hfb-below-header-display":"","ast-hfb-mobile-header-display":"","site-post-title":"","ast-breadcrumbs-content":"","ast-featured-img":"","footer-sml-layout":"","theme-transparent-header-meta":"default","adv-header-id-meta":"","stick-header-meta":"","header-above-stick-meta":"","header-main-stick-meta":"","header-below-stick-meta":"","astra-migrate-meta-layouts":"set","ast-page-background-enabled":"default","ast-page-background-meta":{"desktop":{"background-color":"var(--ast-global-color-5)","background-image":"","background-repeat":"repeat","background-position":"center center","background-size":"auto","background-attachment":"scroll","background-type":"","background-media":"","overlay-type":"","overlay-color":"","overlay-opacity":"","overlay-gradient":""},"tablet":{"background-color":"","background-image":"","background-repeat":"repeat","background-position":"center center","background-size":"auto","background-attachment":"scroll","background-type":"","background-media":"","overlay-type":"","overlay-color":"","overlay-opacity":"","overlay-gradient":""},"mobile":{"background-color":"","background-image":"","background-repeat":"repeat","background-position":"center center","background-size":"auto","background-attachment":"scroll","background-type":"","background-media":"","overlay-type":"","overlay-color":"","overlay-opacity":"","overlay-gradient":""}},"ast-content-background-meta":{"desktop":{"background-color":"var(--ast-global-color-4)","background-image":"","background-repeat":"repeat","background-position":"center center","background-size":"auto","background-attachment":"scroll","background-type":"","background-media":"","overlay-type":"","overlay-color":"","overlay-opacity":"","overlay-gradient":""},"tablet":{"background-color":"var(--ast-global-color-4)","background-image":"","background-repeat":"repeat","background-position":"center center","background-size":"auto","background-attachment":"scroll","background-type":"","background-media":"","overlay-type":"","overlay-color":"","overlay-opacity":"","overlay-gradient":""},"mobile":{"background-color":"var(--ast-global-color-4)","background-image":"","background-repeat":"repeat","background-position":"center center","background-size":"auto","background-attachment":"scroll","background-type":"","background-media":"","overlay-type":"","overlay-color":"","overlay-opacity":"","overlay-gradient":""}}},"product_brand":[],"product_cat":[23],"product_tag":[],"class_list":{"0":"post-449","1":"product","2":"type-product","3":"status-publish","4":"has-post-thumbnail","6":"product_cat-trina-solar-panel","7":"desktop-align-left","8":"tablet-align-left","9":"mobile-align-left","11":"first","12":"instock","13":"shipping-taxable","14":"product-type-simple"},"_links":{"self":[{"href":"https:\/\/jinkosolarpv.com\/es\/wp-json\/wp\/v2\/product\/449","targetHints":{"allow":["GET"]}}],"collection":[{"href":"https:\/\/jinkosolarpv.com\/es\/wp-json\/wp\/v2\/product"}],"about":[{"href":"https:\/\/jinkosolarpv.com\/es\/wp-json\/wp\/v2\/types\/product"}],"replies":[{"embeddable":true,"href":"https:\/\/jinkosolarpv.com\/es\/wp-json\/wp\/v2\/comments?post=449"}],"wp:featuredmedia":[{"embeddable":true,"href":"https:\/\/jinkosolarpv.com\/es\/wp-json\/wp\/v2\/media\/450"}],"wp:attachment":[{"href":"https:\/\/jinkosolarpv.com\/es\/wp-json\/wp\/v2\/media?parent=449"}],"wp:term":[{"taxonomy":"product_brand","embeddable":true,"href":"https:\/\/jinkosolarpv.com\/es\/wp-json\/wp\/v2\/product_brand?post=449"},{"taxonomy":"product_cat","embeddable":true,"href":"https:\/\/jinkosolarpv.com\/es\/wp-json\/wp\/v2\/product_cat?post=449"},{"taxonomy":"product_tag","embeddable":true,"href":"https:\/\/jinkosolarpv.com\/es\/wp-json\/wp\/v2\/product_tag?post=449"}],"curies":[{"name":"wp","href":"https:\/\/api.w.org\/{rel}","templated":true}]}}