{"id":426,"date":"2025-11-17T13:27:35","date_gmt":"2025-11-17T05:27:35","guid":{"rendered":"https:\/\/jinkosolarpv.com\/?post_type=product&#038;p=426"},"modified":"2025-11-27T13:09:02","modified_gmt":"2025-11-27T05:09:02","slug":"modulo-bifacial-de-vidrio-doble-monocristalino-trina-675-w-680-w-685-w-690-w-700-w","status":"publish","type":"product","link":"https:\/\/jinkosolarpv.com\/es\/product\/modulo-bifacial-de-vidrio-doble-monocristalino-trina-675-w-680-w-685-w-690-w-700-w\/","title":{"rendered":"M\u00f3dulo monocristalino bifacial de doble vidrio Trina 675 W, 680 W, 685 W, 690 W, 700 W"},"content":{"rendered":"<p><strong>Detalles del producto<\/strong><\/p>\n<table width=\"688\" cellspacing=\"0\" cellpadding=\"0\">\n<colgroup>\n<col width=\"217\" \/>\n<col width=\"643\" \/><\/colgroup>\n<tbody>\n<tr class=\"firstRow\">\n<td width=\"174\" height=\"24\">C\u00e9lulas solares<\/td>\n<td width=\"514\">Monocristalino<\/td>\n<\/tr>\n<tr>\n<td width=\"174\" height=\"24\">N\u00ba de c\u00e9lulas<\/td>\n<td width=\"514\">132 celdas<\/td>\n<\/tr>\n<tr>\n<td width=\"174\" height=\"25\">Dimensiones del m\u00f3dulo<\/td>\n<td width=\"514\">2384 \u00d7 1303 \u00d7 33 mm (93,86 \u00d7 51,30 \u00d7 1,30 pulgadas)<\/td>\n<\/tr>\n<tr>\n<td width=\"174\" height=\"23\">Peso<\/td>\n<td width=\"514\">38,3 kg (84,4 lb)<\/td>\n<\/tr>\n<tr>\n<td width=\"174\" height=\"25\">Cristal delantero<\/td>\n<td width=\"514\">2,0 mm (0,08 pulgadas), alta transmisi\u00f3n, vidrio templado con revestimiento antirreflectante<\/td>\n<\/tr>\n<tr>\n<td width=\"174\" height=\"24\">Material encapsulante<\/td>\n<td width=\"514\">POE\/EVA<\/td>\n<\/tr>\n<tr>\n<td width=\"174\" height=\"25\">Cristal trasero<\/td>\n<td width=\"514\">2,0 mm (0,08 pulgadas), vidrio templado (vidrio con rejilla blanca)<\/td>\n<\/tr>\n<tr>\n<td width=\"174\" height=\"24\">Marco<\/td>\n<td width=\"514\">33 mm (1,30 pulgadas) Aleaci\u00f3n de aluminio anodizado<\/td>\n<\/tr>\n<tr>\n<td width=\"174\" height=\"24\">J-Box<\/td>\n<td width=\"514\">Clasificaci\u00f3n IP 68<\/td>\n<\/tr>\n<tr>\n<td width=\"174\" height=\"73\">Cables<\/td>\n<td width=\"514\">Cable de tecnolog\u00eda fotovoltaica de 4,0 mm\u00b2 (0,006 pulgadas\u00b2), vertical: 350\/280 mm (13,78\/11,02 pulgadas)<br \/>\nLa longitud se puede personalizar.<\/td>\n<\/tr>\n<tr>\n<td width=\"174\" height=\"28\">Conector<\/td>\n<td width=\"514\">MC4 EV02\/TS4 Plus\/TS4*<\/td>\n<\/tr>\n<\/tbody>\n<\/table>\n<p><strong>Descripci\u00f3n del producto<\/strong><\/p>\n<p>&nbsp;<\/p>\n<h2><\/h2>\n<p><strong>Panel solar Mono PERC de media c\u00e9lula, 120 c\u00e9lulas, potencia solar 675 W, 680 W, 685 W, 690 W, 700 W, m\u00f3dulo fotovoltaico solar en stock.<\/strong><\/p>\n<p>Basado en una oblea de silicio de gran tama\u00f1o de 210 mm y una c\u00e9lula PERC monocristalina, Vertex cuenta con varias caracter\u00edsticas de dise\u00f1o innovadoras que permiten una alta potencia de salida de m\u00e1s de 600 W. Su excelente coeficiente de temperatura y su bajo rendimiento de irradiaci\u00f3n proporcionan una mayor potencia. Adem\u00e1s, gracias a las c\u00e9lulas mono cuadradas y a la tecnolog\u00eda de encapsulaci\u00f3n de alta densidad, la eficiencia de Vertex puede alcanzar hasta 21,41 TP3T.<\/p>\n<p>El proceso de fabricaci\u00f3n de los paneles solares monofaciales consiste en cortar lingotes cil\u00edndricos de silicio en finas obleas, que luego se tratan y se ensamblan para formar c\u00e9lulas solares. Estas c\u00e9lulas se interconectan y se encapsulan dentro de un marco protector para crear el producto final: el panel solar.<\/p>\n<p>Basado en una oblea de silicio de gran tama\u00f1o de 210 mm y una c\u00e9lula PERC monocristalina, Vertex cuenta con varias caracter\u00edsticas de dise\u00f1o innovadoras que permiten una alta potencia de salida de m\u00e1s de 600 W. Su excelente coeficiente de temperatura y su bajo rendimiento de irradiaci\u00f3n proporcionan una mayor potencia. Adem\u00e1s, gracias a las c\u00e9lulas mono cuadradas y a la tecnolog\u00eda de encapsulaci\u00f3n de alta densidad, la eficiencia de Vertex puede alcanzar hasta 21,41 TP3T.<\/p>\n<p>Bajo voltaje, mayor potencia de salida de la cadena de m\u00f3dulos, mejora en la potencia de salida de una sola cadena de m\u00f3dulos en m\u00e1s de 41%. Con el objetivo de mejorar la eficiencia del sistema y reducir los costes del equilibrio del sistema, el equipo de investigaci\u00f3n y desarrollo de Trina Solar ha introducido un dise\u00f1o innovador de bajo voltaje y mayor potencia de salida de la cadena de m\u00f3dulos. Normalmente, Trina puede interconectar 33 m\u00f3dulos Vertex en una cadena. En comparaci\u00f3n con otros m\u00f3dulos de referencia, una sola cadena de m\u00f3dulos puede alcanzar un aumento de potencia de hasta 411 TP3T, una reducci\u00f3n de 151 TP3T en el bastidor, una reducci\u00f3n de 171 TP3T en los cimientos y una reducci\u00f3n de 351 TP3T en la caja combinadora, lo que supone un innovador avance tecnol\u00f3gico y marca el comienzo de una nueva era de m\u00e1s de 600 W.<\/p>\n<p>Con una mayor resistencia frente a los puntos calientes y las temperaturas excesivas, los m\u00f3dulos Vertex mantienen una alta fiabilidad. La aplicaci\u00f3n de c\u00e9lulas multibusbar da como resultado cargas m\u00e1s uniformes para evitar tensiones, lo que se traduce en un mejor rendimiento incluso en caso de peque\u00f1as grietas. Hoy en d\u00eda, la cuota de mercado de los m\u00f3dulos fotovoltaicos con tecnolog\u00eda MBB es dominante en el sector solar mundial.<\/p>\n<p>&nbsp;<\/p>\n<p><img decoding=\"async\" src=\"http:\/\/jinkosolarpv.com\/wp-content\/uploads\/2025\/11\/70f1d0a9518f6bf1ee46599393844c50.png\" alt=\"\" title=\"\"><\/p>","protected":false},"excerpt":{"rendered":"<p>N\u00famero de m\u00f3dulo: TSM-NEG21C.20 675-700 W<br \/>\nPeso: 38,3 kg<br \/>\nPaquete: 33 unidades\/pal\u00e9; 594 unidades\/40 hq<br \/>\nEspecificaciones: 2384 x 1303 x 33 mm<br \/>\nMarca comercial: Trina Solar<br \/>\nOrigen:China<\/p>","protected":false},"featured_media":430,"comment_status":"open","ping_status":"closed","template":"","meta":{"site-sidebar-layout":"default","site-content-layout":"","ast-site-content-layout":"default","site-content-style":"default","site-sidebar-style":"default","ast-global-header-display":"","ast-banner-title-visibility":"","ast-main-header-display":"","ast-hfb-above-header-display":"","ast-hfb-below-header-display":"","ast-hfb-mobile-header-display":"","site-post-title":"","ast-breadcrumbs-content":"","ast-featured-img":"","footer-sml-layout":"","theme-transparent-header-meta":"default","adv-header-id-meta":"","stick-header-meta":"","header-above-stick-meta":"","header-main-stick-meta":"","header-below-stick-meta":"","astra-migrate-meta-layouts":"set","ast-page-background-enabled":"default","ast-page-background-meta":{"desktop":{"background-color":"var(--ast-global-color-5)","background-image":"","background-repeat":"repeat","background-position":"center center","background-size":"auto","background-attachment":"scroll","background-type":"","background-media":"","overlay-type":"","overlay-color":"","overlay-opacity":"","overlay-gradient":""},"tablet":{"background-color":"","background-image":"","background-repeat":"repeat","background-position":"center center","background-size":"auto","background-attachment":"scroll","background-type":"","background-media":"","overlay-type":"","overlay-color":"","overlay-opacity":"","overlay-gradient":""},"mobile":{"background-color":"","background-image":"","background-repeat":"repeat","background-position":"center center","background-size":"auto","background-attachment":"scroll","background-type":"","background-media":"","overlay-type":"","overlay-color":"","overlay-opacity":"","overlay-gradient":""}},"ast-content-background-meta":{"desktop":{"background-color":"var(--ast-global-color-4)","background-image":"","background-repeat":"repeat","background-position":"center center","background-size":"auto","background-attachment":"scroll","background-type":"","background-media":"","overlay-type":"","overlay-color":"","overlay-opacity":"","overlay-gradient":""},"tablet":{"background-color":"var(--ast-global-color-4)","background-image":"","background-repeat":"repeat","background-position":"center center","background-size":"auto","background-attachment":"scroll","background-type":"","background-media":"","overlay-type":"","overlay-color":"","overlay-opacity":"","overlay-gradient":""},"mobile":{"background-color":"var(--ast-global-color-4)","background-image":"","background-repeat":"repeat","background-position":"center center","background-size":"auto","background-attachment":"scroll","background-type":"","background-media":"","overlay-type":"","overlay-color":"","overlay-opacity":"","overlay-gradient":""}}},"product_brand":[],"product_cat":[23],"product_tag":[],"class_list":{"0":"post-426","1":"product","2":"type-product","3":"status-publish","4":"has-post-thumbnail","6":"product_cat-trina-solar-panel","7":"desktop-align-left","8":"tablet-align-left","9":"mobile-align-left","11":"first","12":"instock","13":"shipping-taxable","14":"product-type-simple"},"_links":{"self":[{"href":"https:\/\/jinkosolarpv.com\/es\/wp-json\/wp\/v2\/product\/426","targetHints":{"allow":["GET"]}}],"collection":[{"href":"https:\/\/jinkosolarpv.com\/es\/wp-json\/wp\/v2\/product"}],"about":[{"href":"https:\/\/jinkosolarpv.com\/es\/wp-json\/wp\/v2\/types\/product"}],"replies":[{"embeddable":true,"href":"https:\/\/jinkosolarpv.com\/es\/wp-json\/wp\/v2\/comments?post=426"}],"wp:featuredmedia":[{"embeddable":true,"href":"https:\/\/jinkosolarpv.com\/es\/wp-json\/wp\/v2\/media\/430"}],"wp:attachment":[{"href":"https:\/\/jinkosolarpv.com\/es\/wp-json\/wp\/v2\/media?parent=426"}],"wp:term":[{"taxonomy":"product_brand","embeddable":true,"href":"https:\/\/jinkosolarpv.com\/es\/wp-json\/wp\/v2\/product_brand?post=426"},{"taxonomy":"product_cat","embeddable":true,"href":"https:\/\/jinkosolarpv.com\/es\/wp-json\/wp\/v2\/product_cat?post=426"},{"taxonomy":"product_tag","embeddable":true,"href":"https:\/\/jinkosolarpv.com\/es\/wp-json\/wp\/v2\/product_tag?post=426"}],"curies":[{"name":"wp","href":"https:\/\/api.w.org\/{rel}","templated":true}]}}