{"id":395,"date":"2025-11-17T13:20:30","date_gmt":"2025-11-17T05:20:30","guid":{"rendered":"https:\/\/jinkosolarpv.com\/?post_type=product&#038;p=395"},"modified":"2025-11-27T13:11:20","modified_gmt":"2025-11-27T05:11:20","slug":"modulo-monocristalino-trina-vertex-555-w-560-w-565-w-570-w-575-w-y-580-w","status":"publish","type":"product","link":"https:\/\/jinkosolarpv.com\/es\/product\/modulo-monocristalino-trina-vertex-555-w-560-w-565-w-570-w-575-w-y-580-w\/","title":{"rendered":"M\u00f3dulo monocristalino Trina Vertex 555 W, 560 W, 565 W, 570 W, 575 W y 580 W"},"content":{"rendered":"<p><strong>Detalles del producto<\/strong><\/p>\n<table width=\"598\" cellspacing=\"0\" cellpadding=\"0\">\n<colgroup>\n<col width=\"241\" \/>\n<col width=\"507\" \/><\/colgroup>\n<tbody>\n<tr class=\"firstRow\">\n<td width=\"193\" height=\"30\">C\u00e9lulas solares<\/td>\n<td width=\"406\">Monocristalino<\/td>\n<\/tr>\n<tr>\n<td width=\"193\" height=\"30\">N\u00ba de c\u00e9lulas<\/td>\n<td width=\"406\">132 celdas<\/td>\n<\/tr>\n<tr>\n<td width=\"193\" height=\"30\">Dimensiones del m\u00f3dulo<\/td>\n<td width=\"406\">2384 \u00d7 1134 \u00d7 35 mm (93,86 \u00d7 44,65 \u00d7 1,38 pulgadas)<\/td>\n<\/tr>\n<tr>\n<td width=\"193\" height=\"30\">Peso<\/td>\n<td width=\"406\">29,6 kg (65,3 lb)<\/td>\n<\/tr>\n<tr>\n<td width=\"193\" height=\"52\">Vidrio<\/td>\n<td width=\"406\">3,2 mm (0,13 pulgadas), alta transmisi\u00f3n, vidrio templado con revestimiento antirreflectante<\/td>\n<\/tr>\n<tr>\n<td width=\"193\" height=\"30\">Material encapsulante<\/td>\n<td width=\"406\">EVA\/POE<\/td>\n<\/tr>\n<tr>\n<td width=\"193\" height=\"30\">Hoja posterior<\/td>\n<td width=\"406\">Blanco<\/td>\n<\/tr>\n<tr>\n<td width=\"193\" height=\"30\">Marco<\/td>\n<td width=\"406\">35 mm (1,38 pulgadas) Aleaci\u00f3n de aluminio anodizado<\/td>\n<\/tr>\n<tr>\n<td width=\"193\" height=\"30\">J-Box<\/td>\n<td width=\"406\">Clasificaci\u00f3n IP 68<\/td>\n<\/tr>\n<tr>\n<td width=\"193\" height=\"118\">Cables<\/td>\n<td width=\"406\">Cable para tecnolog\u00eda fotovoltaica de 4,0 mm\u00b2 (0,006 pulgadas\u00b2), vertical: 280\/280 mm (11,02\/11,02 pulgadas)<\/p>\n<p>La longitud se puede personalizar.<\/td>\n<\/tr>\n<tr>\n<td width=\"193\" height=\"30\">Conector<\/td>\n<td width=\"406\">MC4   EV02\/TS4*<\/td>\n<\/tr>\n<\/tbody>\n<\/table>\n<p><strong>Descripci\u00f3n del producto<\/strong><\/p>\n<p>&nbsp;<\/p>\n<h2><\/h2>\n<p><strong>M\u00f3dulos fotovoltaicos de nivel 1 Energ\u00eda solar Paneles solares Trina Solar Vertex Mono PERC 555 W, 560 W, 565 W, 570 W, 575 W y 580 W Energ\u00eda solar<\/strong><\/p>\n<p>Los paneles solares Trina Solar Vertex Mono PERC 560W-580W son m\u00f3dulos fotovoltaicos de alto rendimiento dise\u00f1ados para proporcionar una potencia y una eficiencia excepcionales. Fabricados por Trina Solar, uno de los principales fabricantes de paneles solares, estos m\u00f3dulos se construyen con tecnolog\u00eda avanzada y materiales de alta calidad para ofrecer una generaci\u00f3n de energ\u00eda solar fiable y sostenible.<\/p>\n<p>Con potencias de salida que oscilan entre 560 W y 580 W, estos paneles solares ofrecen una capacidad de generaci\u00f3n el\u00e9ctrica significativa. La alta potencia de salida permite aumentar la producci\u00f3n de energ\u00eda, lo que los hace adecuados para diversas aplicaciones, incluidas instalaciones residenciales, comerciales y a escala industrial.<\/p>\n<p>La serie Vertex Mono PERC de paneles solares Trina Solar utiliza la avanzada tecnolog\u00eda de c\u00e9lulas mono PERC (c\u00e9lulas con emisor pasivado en la parte trasera). Esta tecnolog\u00eda mejora la absorci\u00f3n de la luz y la captura de electrones, lo que se traduce en una mayor eficiencia en la conversi\u00f3n de energ\u00eda. Los paneles pueden convertir de manera eficiente la luz solar en electricidad, maximizando la producci\u00f3n de energ\u00eda y el rendimiento general del sistema.<\/p>\n<p><strong><img decoding=\"async\" src=\"http:\/\/jinkosolarpv.com\/wp-content\/uploads\/2025\/11\/c83c5f1425247f8b81e6576fa208f9dd.png\" alt=\"\" title=\"\"><\/strong><\/p>","protected":false},"excerpt":{"rendered":"<div id=\"detail_content_word_wrap\">\n<div class=\"detail_content\">N\u00famero de m\u00f3dulo: TSM-DE19R 555-580 W<br \/>\nPeso: 21,8 kg<br \/>\nPaquete:31pcs\/palet;620pcs\/40hq<br \/>\nEspecificaciones: 2384 x 1134 x 35 mm<br \/>\nMarca comercial: Trina Solar<br \/>\nOrigen:China<\/div>\n<\/div>\n<div class=\"detail_other_message\"><\/div>","protected":false},"featured_media":400,"comment_status":"open","ping_status":"closed","template":"","meta":{"site-sidebar-layout":"default","site-content-layout":"","ast-site-content-layout":"default","site-content-style":"default","site-sidebar-style":"default","ast-global-header-display":"","ast-banner-title-visibility":"","ast-main-header-display":"","ast-hfb-above-header-display":"","ast-hfb-below-header-display":"","ast-hfb-mobile-header-display":"","site-post-title":"","ast-breadcrumbs-content":"","ast-featured-img":"","footer-sml-layout":"","theme-transparent-header-meta":"default","adv-header-id-meta":"","stick-header-meta":"","header-above-stick-meta":"","header-main-stick-meta":"","header-below-stick-meta":"","astra-migrate-meta-layouts":"set","ast-page-background-enabled":"default","ast-page-background-meta":{"desktop":{"background-color":"var(--ast-global-color-5)","background-image":"","background-repeat":"repeat","background-position":"center center","background-size":"auto","background-attachment":"scroll","background-type":"","background-media":"","overlay-type":"","overlay-color":"","overlay-opacity":"","overlay-gradient":""},"tablet":{"background-color":"","background-image":"","background-repeat":"repeat","background-position":"center center","background-size":"auto","background-attachment":"scroll","background-type":"","background-media":"","overlay-type":"","overlay-color":"","overlay-opacity":"","overlay-gradient":""},"mobile":{"background-color":"","background-image":"","background-repeat":"repeat","background-position":"center center","background-size":"auto","background-attachment":"scroll","background-type":"","background-media":"","overlay-type":"","overlay-color":"","overlay-opacity":"","overlay-gradient":""}},"ast-content-background-meta":{"desktop":{"background-color":"var(--ast-global-color-4)","background-image":"","background-repeat":"repeat","background-position":"center center","background-size":"auto","background-attachment":"scroll","background-type":"","background-media":"","overlay-type":"","overlay-color":"","overlay-opacity":"","overlay-gradient":""},"tablet":{"background-color":"var(--ast-global-color-4)","background-image":"","background-repeat":"repeat","background-position":"center center","background-size":"auto","background-attachment":"scroll","background-type":"","background-media":"","overlay-type":"","overlay-color":"","overlay-opacity":"","overlay-gradient":""},"mobile":{"background-color":"var(--ast-global-color-4)","background-image":"","background-repeat":"repeat","background-position":"center center","background-size":"auto","background-attachment":"scroll","background-type":"","background-media":"","overlay-type":"","overlay-color":"","overlay-opacity":"","overlay-gradient":""}}},"product_brand":[],"product_cat":[23],"product_tag":[],"class_list":{"0":"post-395","1":"product","2":"type-product","3":"status-publish","4":"has-post-thumbnail","6":"product_cat-trina-solar-panel","7":"desktop-align-left","8":"tablet-align-left","9":"mobile-align-left","11":"first","12":"instock","13":"shipping-taxable","14":"product-type-simple"},"_links":{"self":[{"href":"https:\/\/jinkosolarpv.com\/es\/wp-json\/wp\/v2\/product\/395","targetHints":{"allow":["GET"]}}],"collection":[{"href":"https:\/\/jinkosolarpv.com\/es\/wp-json\/wp\/v2\/product"}],"about":[{"href":"https:\/\/jinkosolarpv.com\/es\/wp-json\/wp\/v2\/types\/product"}],"replies":[{"embeddable":true,"href":"https:\/\/jinkosolarpv.com\/es\/wp-json\/wp\/v2\/comments?post=395"}],"wp:featuredmedia":[{"embeddable":true,"href":"https:\/\/jinkosolarpv.com\/es\/wp-json\/wp\/v2\/media\/400"}],"wp:attachment":[{"href":"https:\/\/jinkosolarpv.com\/es\/wp-json\/wp\/v2\/media?parent=395"}],"wp:term":[{"taxonomy":"product_brand","embeddable":true,"href":"https:\/\/jinkosolarpv.com\/es\/wp-json\/wp\/v2\/product_brand?post=395"},{"taxonomy":"product_cat","embeddable":true,"href":"https:\/\/jinkosolarpv.com\/es\/wp-json\/wp\/v2\/product_cat?post=395"},{"taxonomy":"product_tag","embeddable":true,"href":"https:\/\/jinkosolarpv.com\/es\/wp-json\/wp\/v2\/product_tag?post=395"}],"curies":[{"name":"wp","href":"https:\/\/api.w.org\/{rel}","templated":true}]}}