{"id":384,"date":"2025-11-17T13:17:04","date_gmt":"2025-11-17T05:17:04","guid":{"rendered":"https:\/\/jinkosolarpv.com\/?post_type=product&#038;p=384"},"modified":"2025-11-27T13:12:39","modified_gmt":"2025-11-27T05:12:39","slug":"modulo-monocristalino-de-doble-vidrio-trina-415-w-420-w-425-w-430-w-y-435-w","status":"publish","type":"product","link":"https:\/\/jinkosolarpv.com\/es\/product\/modulo-monocristalino-de-doble-vidrio-trina-415-w-420-w-425-w-430-w-y-435-w\/","title":{"rendered":"M\u00f3dulo monocristalino de doble cristal Trina 415 W, 420 W, 425 W, 430 W, 435 W"},"content":{"rendered":"<p><strong>Detalles del producto<\/strong><\/p>\n<table width=\"598\" cellspacing=\"0\" cellpadding=\"0\">\n<colgroup>\n<col width=\"241\" \/>\n<col width=\"507\" \/><\/colgroup>\n<tbody>\n<tr class=\"firstRow\">\n<td width=\"193\" height=\"30\">C\u00e9lulas solares<\/td>\n<td width=\"406\">\u00a0Monocristalino<\/td>\n<\/tr>\n<tr>\n<td width=\"193\" height=\"30\">N\u00famero de celdas<\/td>\n<td width=\"406\">\u00a0144 celdas<\/td>\n<\/tr>\n<tr>\n<td width=\"193\" height=\"30\">Dimensiones del m\u00f3dulo<\/td>\n<td width=\"406\">\u00a01762 \u00d7 1134 \u00d7 30 mm (69,37 \u00d7 44,65 \u00d7 1,18 pulgadas)<\/td>\n<\/tr>\n<tr>\n<td width=\"193\" height=\"30\">Peso<\/td>\n<td width=\"406\">\u00a021,8 kg (48,1 lb)<\/td>\n<\/tr>\n<tr>\n<td width=\"193\" height=\"52\">Cristal delantero<\/td>\n<td>1,6 mm (0,06 pulgadas), alta transmisi\u00f3n, vidrio templado t\u00e9rmicamente<\/td>\n<\/tr>\n<tr>\n<td width=\"193\" height=\"30\">Marco<\/td>\n<td width=\"406\">30 mm (1,18 pulgadas) Aleaci\u00f3n de aluminio anodizado, negro<\/td>\n<\/tr>\n<tr>\n<td colspan=\"1\" rowspan=\"1\">J-Box<\/td>\n<td colspan=\"1\" rowspan=\"1\">Clasificaci\u00f3n IP 68<\/td>\n<\/tr>\n<tr>\n<td width=\"193\" height=\"52\">Cristal trasero<\/td>\n<td width=\"406\">Cable para tecnolog\u00eda fotovoltaica de 4,0 mm\u00b2 (0,006 pulgadas\u00b2),<\/p>\n<p>Retrato: 350\/280 mm (13,78\/11,02 pulgadas)<\/p>\n<p>La longitud se puede personalizar.<\/td>\n<\/tr>\n<tr>\n<td colspan=\"1\" rowspan=\"1\">Conector<\/td>\n<td colspan=\"1\" rowspan=\"1\">MC4 EVO2 \/ TS*<\/td>\n<\/tr>\n<\/tbody>\n<\/table>\n<p><strong>Descripci\u00f3n del producto<\/strong><\/p>\n<p>&nbsp;<\/p>\n<h2><strong>Panel solar Trina 415 W, 420 W, 425 W, 430 W, 435 W con marco negro en almac\u00e9n<\/strong><\/h2>\n<div>Una vez que la luz solar ha sido convertida en energ\u00eda el\u00e9ctrica por las c\u00e9lulas solares dentro de un panel solar de doble cristal, esa energ\u00eda debe ser recogida y transportada para su uso. Esto se logra mediante una serie de contactos met\u00e1licos conductores que est\u00e1n conectados a las c\u00e9lulas solares. Estos contactos recogen la corriente el\u00e9ctrica generada y la transportan a un inversor, que convierte la corriente continua (CC) producida por las c\u00e9lulas solares en corriente alterna (CA) que puede utilizarse para alimentar dispositivos el\u00e9ctricos o introducirse en la red el\u00e9ctrica.<\/div>\n<p><strong><img decoding=\"async\" src=\"http:\/\/jinkosolarpv.com\/wp-content\/uploads\/2025\/11\/b62c4efd449db4e21743458c060b56ad.png\" alt=\"\" title=\"\"><\/strong><\/p>\n<p>&nbsp;<\/p>","protected":false},"excerpt":{"rendered":"<p>N\u00famero de m\u00f3dulo: TSM-DEG9R.20 415-435W<br \/>\nPeso: 21,8 kg<br \/>\nPaquete: 36 unidades\/pal\u00e9; 936 unidades\/40 hq<br \/>\nEspecificaciones: 1762 x 1134 x 30 mm<br \/>\nMarca comercial: Trina Solar<br \/>\nOrigen:China<\/p>","protected":false},"featured_media":388,"comment_status":"open","ping_status":"closed","template":"","meta":{"site-sidebar-layout":"default","site-content-layout":"","ast-site-content-layout":"default","site-content-style":"default","site-sidebar-style":"default","ast-global-header-display":"","ast-banner-title-visibility":"","ast-main-header-display":"","ast-hfb-above-header-display":"","ast-hfb-below-header-display":"","ast-hfb-mobile-header-display":"","site-post-title":"","ast-breadcrumbs-content":"","ast-featured-img":"","footer-sml-layout":"","theme-transparent-header-meta":"default","adv-header-id-meta":"","stick-header-meta":"","header-above-stick-meta":"","header-main-stick-meta":"","header-below-stick-meta":"","astra-migrate-meta-layouts":"set","ast-page-background-enabled":"default","ast-page-background-meta":{"desktop":{"background-color":"var(--ast-global-color-5)","background-image":"","background-repeat":"repeat","background-position":"center center","background-size":"auto","background-attachment":"scroll","background-type":"","background-media":"","overlay-type":"","overlay-color":"","overlay-opacity":"","overlay-gradient":""},"tablet":{"background-color":"","background-image":"","background-repeat":"repeat","background-position":"center center","background-size":"auto","background-attachment":"scroll","background-type":"","background-media":"","overlay-type":"","overlay-color":"","overlay-opacity":"","overlay-gradient":""},"mobile":{"background-color":"","background-image":"","background-repeat":"repeat","background-position":"center center","background-size":"auto","background-attachment":"scroll","background-type":"","background-media":"","overlay-type":"","overlay-color":"","overlay-opacity":"","overlay-gradient":""}},"ast-content-background-meta":{"desktop":{"background-color":"var(--ast-global-color-4)","background-image":"","background-repeat":"repeat","background-position":"center center","background-size":"auto","background-attachment":"scroll","background-type":"","background-media":"","overlay-type":"","overlay-color":"","overlay-opacity":"","overlay-gradient":""},"tablet":{"background-color":"var(--ast-global-color-4)","background-image":"","background-repeat":"repeat","background-position":"center center","background-size":"auto","background-attachment":"scroll","background-type":"","background-media":"","overlay-type":"","overlay-color":"","overlay-opacity":"","overlay-gradient":""},"mobile":{"background-color":"var(--ast-global-color-4)","background-image":"","background-repeat":"repeat","background-position":"center center","background-size":"auto","background-attachment":"scroll","background-type":"","background-media":"","overlay-type":"","overlay-color":"","overlay-opacity":"","overlay-gradient":""}}},"product_brand":[],"product_cat":[23],"product_tag":[],"class_list":{"0":"post-384","1":"product","2":"type-product","3":"status-publish","4":"has-post-thumbnail","6":"product_cat-trina-solar-panel","7":"desktop-align-left","8":"tablet-align-left","9":"mobile-align-left","11":"first","12":"instock","13":"shipping-taxable","14":"product-type-simple"},"_links":{"self":[{"href":"https:\/\/jinkosolarpv.com\/es\/wp-json\/wp\/v2\/product\/384","targetHints":{"allow":["GET"]}}],"collection":[{"href":"https:\/\/jinkosolarpv.com\/es\/wp-json\/wp\/v2\/product"}],"about":[{"href":"https:\/\/jinkosolarpv.com\/es\/wp-json\/wp\/v2\/types\/product"}],"replies":[{"embeddable":true,"href":"https:\/\/jinkosolarpv.com\/es\/wp-json\/wp\/v2\/comments?post=384"}],"wp:featuredmedia":[{"embeddable":true,"href":"https:\/\/jinkosolarpv.com\/es\/wp-json\/wp\/v2\/media\/388"}],"wp:attachment":[{"href":"https:\/\/jinkosolarpv.com\/es\/wp-json\/wp\/v2\/media?parent=384"}],"wp:term":[{"taxonomy":"product_brand","embeddable":true,"href":"https:\/\/jinkosolarpv.com\/es\/wp-json\/wp\/v2\/product_brand?post=384"},{"taxonomy":"product_cat","embeddable":true,"href":"https:\/\/jinkosolarpv.com\/es\/wp-json\/wp\/v2\/product_cat?post=384"},{"taxonomy":"product_tag","embeddable":true,"href":"https:\/\/jinkosolarpv.com\/es\/wp-json\/wp\/v2\/product_tag?post=384"}],"curies":[{"name":"wp","href":"https:\/\/api.w.org\/{rel}","templated":true}]}}