{"id":359,"date":"2025-11-17T13:06:10","date_gmt":"2025-11-17T05:06:10","guid":{"rendered":"https:\/\/jinkosolarpv.com\/?post_type=product&#038;p=359"},"modified":"2025-11-27T13:16:29","modified_gmt":"2025-11-27T05:16:29","slug":"longi-himo10-lr7-72hvh-655w-660w665w670w","status":"publish","type":"product","link":"https:\/\/jinkosolarpv.com\/es\/product\/longi-himo10-lr7-72hvh-655w-660w665w670w\/","title":{"rendered":"Longi Himo10 LR7-72HVH 655 W, 660 W, 665 W, 670 W"},"content":{"rendered":"<p><strong>Detalles del producto<\/strong><\/p>\n<table width=\"405\" cellspacing=\"0\" cellpadding=\"0\">\n<colgroup>\n<col width=\"180\" \/>\n<col width=\"496\" \/><\/colgroup>\n<tbody>\n<tr class=\"firstRow\">\n<td class=\"et4\" width=\"108\" height=\"22\">Orientaci\u00f3n celular<\/td>\n<td class=\"et5\" width=\"298\">144(6\u00d724)<\/td>\n<\/tr>\n<tr>\n<td class=\"et4\" width=\"108\" height=\"22\">Caja de empalmes<\/td>\n<td class=\"et5\" width=\"298\">IP68, tres diodos<\/td>\n<\/tr>\n<tr>\n<td class=\"et4\" width=\"108\" height=\"39\">Cable de salida<\/td>\n<td class=\"et5\" width=\"298\">4 mm\u00b2, +400, -200 mm\/\u00b11400 mm<br \/>\nLa longitud se puede personalizar.<\/td>\n<\/tr>\n<tr>\n<td class=\"et4\" width=\"108\" height=\"22\">Vidrio<\/td>\n<td class=\"et5\" width=\"298\">Cristal \u00fanico, cristal templado recubierto de 3,2 mm.<\/td>\n<\/tr>\n<tr>\n<td class=\"et4\" width=\"108\" height=\"22\">Marco<\/td>\n<td class=\"et5\" width=\"298\">Marco de aleaci\u00f3n de aluminio anodizado<\/td>\n<\/tr>\n<tr>\n<td class=\"et4\" width=\"108\" height=\"22\">Peso<\/td>\n<td class=\"et5\" width=\"298\">28,5 kg<\/td>\n<\/tr>\n<tr>\n<td class=\"et4\" width=\"108\" height=\"22\">Dimensi\u00f3n<\/td>\n<td class=\"et5\" width=\"298\">2282 \u00d7 1134 \u00d7 30 mm<\/td>\n<\/tr>\n<tr>\n<td class=\"et4\" width=\"108\" height=\"22\">Embalaje<\/td>\n<td class=\"et5\" width=\"298\">36 unidades por pal\u00e9\/144 unidades por contenedor de 20 pies\/720 unidades por contenedor de 40 pies<\/td>\n<\/tr>\n<\/tbody>\n<\/table>\n<p><strong>Descripci\u00f3n del producto<\/strong><strong>n<\/strong><\/p>\n<p>&nbsp;<\/p>\n<p>&nbsp;<\/p>\n<p>&nbsp;<\/p>\n<p><strong>M\u00f3dulos fotovoltaicos de nivel 1 Energ\u00eda solar Paneles solares Trina Solar Vertex Mono PERC655W, 660W, 665W, 670W Energ\u00eda solar<\/strong><\/p>\n<p>144 celdas de 182 mm Paneles solares 600 W 605 W 610 W 615 W 620 W Paneles solares de celdas de corte medio<\/p>\n<p>La mayor eficiencia y el mejor rendimiento de los paneles solares de doble cristal tambi\u00e9n se traducen en una reducci\u00f3n de los costes de instalaci\u00f3n. Dado que estos paneles pueden generar m\u00e1s electricidad por metro cuadrado que los paneles convencionales con l\u00e1mina trasera de cristal, se necesitan menos paneles para alcanzar la producci\u00f3n energ\u00e9tica deseada. Esto significa que los propietarios de viviendas y las empresas pueden ahorrar en costes de instalaci\u00f3n al necesitar menos paneles, sistemas de montaje y otros componentes asociados. La reducci\u00f3n de los costes de instalaci\u00f3n, junto con el mayor retorno de la inversi\u00f3n debido al aumento de la producci\u00f3n de energ\u00eda, hacen que los paneles solares de doble cristal sean una opci\u00f3n atractiva para aquellos que buscan minimizar los costes iniciales asociados a la transici\u00f3n a la energ\u00eda solar.<\/p>\n<p><img decoding=\"async\" src=\"http:\/\/jinkosolarpv.com\/wp-content\/uploads\/2025\/11\/0dc054ffca5fdd81cf5e69d269ee2506.png\" alt=\"\" title=\"\"><\/p>","protected":false},"excerpt":{"rendered":"<p>N\u00famero de m\u00f3dulo: Himo10 LR7-72HVH 655-670W<br \/>\nPeso: 28,5 kg<br \/>\nPaquete:36pcs\/palet;720pcs\/40hq<br \/>\nEspecificaciones: 2382 \u00d7 1134 \u00d7 30 mm<br \/>\nMarca comercial: Longi Solar<br \/>\nOrigen:China<\/p>","protected":false},"featured_media":377,"comment_status":"open","ping_status":"closed","template":"","meta":{"site-sidebar-layout":"default","site-content-layout":"","ast-site-content-layout":"default","site-content-style":"default","site-sidebar-style":"default","ast-global-header-display":"","ast-banner-title-visibility":"","ast-main-header-display":"","ast-hfb-above-header-display":"","ast-hfb-below-header-display":"","ast-hfb-mobile-header-display":"","site-post-title":"","ast-breadcrumbs-content":"","ast-featured-img":"","footer-sml-layout":"","theme-transparent-header-meta":"default","adv-header-id-meta":"","stick-header-meta":"","header-above-stick-meta":"","header-main-stick-meta":"","header-below-stick-meta":"","astra-migrate-meta-layouts":"set","ast-page-background-enabled":"default","ast-page-background-meta":{"desktop":{"background-color":"var(--ast-global-color-5)","background-image":"","background-repeat":"repeat","background-position":"center center","background-size":"auto","background-attachment":"scroll","background-type":"","background-media":"","overlay-type":"","overlay-color":"","overlay-opacity":"","overlay-gradient":""},"tablet":{"background-color":"","background-image":"","background-repeat":"repeat","background-position":"center center","background-size":"auto","background-attachment":"scroll","background-type":"","background-media":"","overlay-type":"","overlay-color":"","overlay-opacity":"","overlay-gradient":""},"mobile":{"background-color":"","background-image":"","background-repeat":"repeat","background-position":"center center","background-size":"auto","background-attachment":"scroll","background-type":"","background-media":"","overlay-type":"","overlay-color":"","overlay-opacity":"","overlay-gradient":""}},"ast-content-background-meta":{"desktop":{"background-color":"var(--ast-global-color-4)","background-image":"","background-repeat":"repeat","background-position":"center center","background-size":"auto","background-attachment":"scroll","background-type":"","background-media":"","overlay-type":"","overlay-color":"","overlay-opacity":"","overlay-gradient":""},"tablet":{"background-color":"var(--ast-global-color-4)","background-image":"","background-repeat":"repeat","background-position":"center center","background-size":"auto","background-attachment":"scroll","background-type":"","background-media":"","overlay-type":"","overlay-color":"","overlay-opacity":"","overlay-gradient":""},"mobile":{"background-color":"var(--ast-global-color-4)","background-image":"","background-repeat":"repeat","background-position":"center center","background-size":"auto","background-attachment":"scroll","background-type":"","background-media":"","overlay-type":"","overlay-color":"","overlay-opacity":"","overlay-gradient":""}}},"product_brand":[],"product_cat":[21],"product_tag":[],"class_list":{"0":"post-359","1":"product","2":"type-product","3":"status-publish","4":"has-post-thumbnail","6":"product_cat-longi-solar-panel","7":"desktop-align-left","8":"tablet-align-left","9":"mobile-align-left","11":"first","12":"instock","13":"shipping-taxable","14":"product-type-simple"},"_links":{"self":[{"href":"https:\/\/jinkosolarpv.com\/es\/wp-json\/wp\/v2\/product\/359","targetHints":{"allow":["GET"]}}],"collection":[{"href":"https:\/\/jinkosolarpv.com\/es\/wp-json\/wp\/v2\/product"}],"about":[{"href":"https:\/\/jinkosolarpv.com\/es\/wp-json\/wp\/v2\/types\/product"}],"replies":[{"embeddable":true,"href":"https:\/\/jinkosolarpv.com\/es\/wp-json\/wp\/v2\/comments?post=359"}],"wp:featuredmedia":[{"embeddable":true,"href":"https:\/\/jinkosolarpv.com\/es\/wp-json\/wp\/v2\/media\/377"}],"wp:attachment":[{"href":"https:\/\/jinkosolarpv.com\/es\/wp-json\/wp\/v2\/media?parent=359"}],"wp:term":[{"taxonomy":"product_brand","embeddable":true,"href":"https:\/\/jinkosolarpv.com\/es\/wp-json\/wp\/v2\/product_brand?post=359"},{"taxonomy":"product_cat","embeddable":true,"href":"https:\/\/jinkosolarpv.com\/es\/wp-json\/wp\/v2\/product_cat?post=359"},{"taxonomy":"product_tag","embeddable":true,"href":"https:\/\/jinkosolarpv.com\/es\/wp-json\/wp\/v2\/product_tag?post=359"}],"curies":[{"name":"wp","href":"https:\/\/api.w.org\/{rel}","templated":true}]}}