{"id":318,"date":"2025-11-17T11:37:58","date_gmt":"2025-11-17T03:37:58","guid":{"rendered":"https:\/\/jinkosolarpv.com\/?post_type=product&#038;p=318"},"modified":"2025-11-27T13:31:58","modified_gmt":"2025-11-27T05:31:58","slug":"longi-himo-6-lr5-72htd-550w555w-560w-565w-570w","status":"publish","type":"product","link":"https:\/\/jinkosolarpv.com\/es\/product\/longi-himo-6-lr5-72htd-550w555w-560w-565w-570w\/","title":{"rendered":"Longi Himo 6 LR5-72HTD 550 W, 555 W, 560 W, 565 W, 570 W"},"content":{"rendered":"<p><strong>Detalles del producto<\/strong><\/p>\n<table width=\"405\" cellspacing=\"0\" cellpadding=\"0\">\n<colgroup>\n<col width=\"180\" \/>\n<col width=\"496\" \/><\/colgroup>\n<tbody>\n<tr class=\"firstRow\">\n<td class=\"et2 selectTdClass\" colspan=\"2\" width=\"406\" height=\"22\">Par\u00e1metros mec\u00e1nicos<\/td>\n<\/tr>\n<tr>\n<td class=\"et4 selectTdClass\" width=\"108\" height=\"22\">Orientaci\u00f3n celular<\/td>\n<td class=\"et5 selectTdClass\" width=\"298\">144(6\u00d724)<\/td>\n<\/tr>\n<tr>\n<td class=\"et4 selectTdClass\" width=\"108\" height=\"22\">Caja de empalmes<\/td>\n<td class=\"et5 selectTdClass\" width=\"298\">IP68, tres diodos<\/td>\n<\/tr>\n<tr>\n<td class=\"et4 selectTdClass\" width=\"108\" height=\"39\">Cable de salida<\/td>\n<td class=\"et5 selectTdClass\" width=\"298\">4 mm\u00b2, +400, -200 mm\/\u00b11400 mm<br \/>\nLa longitud se puede personalizar.<\/td>\n<\/tr>\n<tr>\n<td class=\"et4 selectTdClass\" width=\"108\" height=\"22\">Vidrio<\/td>\n<td class=\"et5 selectTdClass\" width=\"298\">Vidrio doble, vidrio semitemplado con recubrimiento de 2,0 mm.<\/td>\n<\/tr>\n<tr>\n<td class=\"et4 selectTdClass\" width=\"108\" height=\"22\">Marco<\/td>\n<td class=\"et5 selectTdClass\" width=\"298\">Marco de aleaci\u00f3n de aluminio anodizado<\/td>\n<\/tr>\n<tr>\n<td class=\"et4 selectTdClass\" width=\"108\" height=\"22\">Peso<\/td>\n<td class=\"et5 selectTdClass\" width=\"298\">32,6 kg<\/td>\n<\/tr>\n<tr>\n<td class=\"et4 selectTdClass\" width=\"108\" height=\"22\">Dimensi\u00f3n<\/td>\n<td class=\"et5 selectTdClass\" width=\"298\">2278 \u00d7 1134 \u00d7 35 mm<\/td>\n<\/tr>\n<tr>\n<td class=\"et4 selectTdClass\" width=\"108\" height=\"22\">Embalaje<\/td>\n<td class=\"et5 selectTdClass\" width=\"298\">31 unidades por pal\u00e9\/155 unidades por contenedor de 20 pies\/620 unidades por contenedor de 40 pies<\/td>\n<\/tr>\n<\/tbody>\n<\/table>\n<p><strong>Descripci\u00f3n del producto<\/strong><strong>n<\/strong><\/p>\n<p>&nbsp;<\/p>\n<p>&nbsp;<\/p>\n<p><strong>Hi-Mo 550 W, 555 W, 560 W, 565 W, 570 vatios, m\u00f3dulos fotovoltaicos bifaciales, paneles solares de doble cristal y doble mono, m\u00f3dulos solares.<\/strong><\/p>\n<p>Los m\u00f3dulos fotovoltaicos bifaciales Hi-Mo 550W-570W son paneles solares avanzados dise\u00f1ados para aprovechar la luz solar tanto por la parte delantera como por la trasera, maximizando la generaci\u00f3n de energ\u00eda. Fabricados por LONGi Solar, un fabricante l\u00edder de paneles solares, estos m\u00f3dulos est\u00e1n construidos con tecnolog\u00eda de vanguardia y materiales de alta calidad para una generaci\u00f3n de energ\u00eda eficiente y sostenible.<\/p>\n<p>Potencia de salida: Los m\u00f3dulos fotovoltaicos bifaciales Hi-Mo de 550 W-570 W ofrecen un amplio rango de potencia de salida, lo que proporciona una capacidad de generaci\u00f3n el\u00e9ctrica considerable. Con potencias de salida que oscilan entre 550 W y 570 W, estos paneles son adecuados para instalaciones residenciales, comerciales y a escala industrial, lo que permite una producci\u00f3n energ\u00e9tica eficiente.<\/p>\n<p>Tecnolog\u00eda bifacial: Estos m\u00f3dulos cuentan con tecnolog\u00eda bifacial, lo que les permite capturar la luz solar tanto por la parte delantera como por la trasera. La parte trasera del m\u00f3dulo puede absorber la luz reflejada y dispersa, lo que aumenta la producci\u00f3n total de energ\u00eda. Esta tecnolog\u00eda mejora el rendimiento de los paneles y los hace ideales para instalaciones con superficies que reflejan la luz, como tejados con membranas blancas o entornos cubiertos de nieve.<\/p>\n<p><img decoding=\"async\" src=\"http:\/\/jinkosolarpv.com\/wp-content\/uploads\/2025\/11\/24b63457c9ac0d9d1afe1ba607988b7d.png\" alt=\"\" title=\"\"><\/p>","protected":false},"excerpt":{"rendered":"<p>N\u00famero de m\u00f3dulo: Longi LR5-72HTD 550-570M<br \/>\nPeso: 32,6 kg<br \/>\nPaquete:31pcs\/palet;620pcs\/40hq<br \/>\nEspecificaciones: 2278 \u00d7 1134 \u00d7 35 mm<br \/>\nMarca comercial: Longi Solar<br \/>\nOrigen:China<\/p>","protected":false},"featured_media":320,"comment_status":"open","ping_status":"closed","template":"","meta":{"site-sidebar-layout":"default","site-content-layout":"","ast-site-content-layout":"default","site-content-style":"default","site-sidebar-style":"default","ast-global-header-display":"","ast-banner-title-visibility":"","ast-main-header-display":"","ast-hfb-above-header-display":"","ast-hfb-below-header-display":"","ast-hfb-mobile-header-display":"","site-post-title":"","ast-breadcrumbs-content":"","ast-featured-img":"","footer-sml-layout":"","theme-transparent-header-meta":"default","adv-header-id-meta":"","stick-header-meta":"","header-above-stick-meta":"","header-main-stick-meta":"","header-below-stick-meta":"","astra-migrate-meta-layouts":"set","ast-page-background-enabled":"default","ast-page-background-meta":{"desktop":{"background-color":"var(--ast-global-color-5)","background-image":"","background-repeat":"repeat","background-position":"center center","background-size":"auto","background-attachment":"scroll","background-type":"","background-media":"","overlay-type":"","overlay-color":"","overlay-opacity":"","overlay-gradient":""},"tablet":{"background-color":"","background-image":"","background-repeat":"repeat","background-position":"center center","background-size":"auto","background-attachment":"scroll","background-type":"","background-media":"","overlay-type":"","overlay-color":"","overlay-opacity":"","overlay-gradient":""},"mobile":{"background-color":"","background-image":"","background-repeat":"repeat","background-position":"center center","background-size":"auto","background-attachment":"scroll","background-type":"","background-media":"","overlay-type":"","overlay-color":"","overlay-opacity":"","overlay-gradient":""}},"ast-content-background-meta":{"desktop":{"background-color":"var(--ast-global-color-4)","background-image":"","background-repeat":"repeat","background-position":"center center","background-size":"auto","background-attachment":"scroll","background-type":"","background-media":"","overlay-type":"","overlay-color":"","overlay-opacity":"","overlay-gradient":""},"tablet":{"background-color":"var(--ast-global-color-4)","background-image":"","background-repeat":"repeat","background-position":"center center","background-size":"auto","background-attachment":"scroll","background-type":"","background-media":"","overlay-type":"","overlay-color":"","overlay-opacity":"","overlay-gradient":""},"mobile":{"background-color":"var(--ast-global-color-4)","background-image":"","background-repeat":"repeat","background-position":"center center","background-size":"auto","background-attachment":"scroll","background-type":"","background-media":"","overlay-type":"","overlay-color":"","overlay-opacity":"","overlay-gradient":""}}},"product_brand":[],"product_cat":[21],"product_tag":[],"class_list":{"0":"post-318","1":"product","2":"type-product","3":"status-publish","4":"has-post-thumbnail","6":"product_cat-longi-solar-panel","7":"desktop-align-left","8":"tablet-align-left","9":"mobile-align-left","11":"first","12":"instock","13":"shipping-taxable","14":"product-type-simple"},"_links":{"self":[{"href":"https:\/\/jinkosolarpv.com\/es\/wp-json\/wp\/v2\/product\/318","targetHints":{"allow":["GET"]}}],"collection":[{"href":"https:\/\/jinkosolarpv.com\/es\/wp-json\/wp\/v2\/product"}],"about":[{"href":"https:\/\/jinkosolarpv.com\/es\/wp-json\/wp\/v2\/types\/product"}],"replies":[{"embeddable":true,"href":"https:\/\/jinkosolarpv.com\/es\/wp-json\/wp\/v2\/comments?post=318"}],"wp:featuredmedia":[{"embeddable":true,"href":"https:\/\/jinkosolarpv.com\/es\/wp-json\/wp\/v2\/media\/320"}],"wp:attachment":[{"href":"https:\/\/jinkosolarpv.com\/es\/wp-json\/wp\/v2\/media?parent=318"}],"wp:term":[{"taxonomy":"product_brand","embeddable":true,"href":"https:\/\/jinkosolarpv.com\/es\/wp-json\/wp\/v2\/product_brand?post=318"},{"taxonomy":"product_cat","embeddable":true,"href":"https:\/\/jinkosolarpv.com\/es\/wp-json\/wp\/v2\/product_cat?post=318"},{"taxonomy":"product_tag","embeddable":true,"href":"https:\/\/jinkosolarpv.com\/es\/wp-json\/wp\/v2\/product_tag?post=318"}],"curies":[{"name":"wp","href":"https:\/\/api.w.org\/{rel}","templated":true}]}}