{"id":285,"date":"2025-11-17T11:21:01","date_gmt":"2025-11-17T03:21:01","guid":{"rendered":"https:\/\/jinkosolarpv.com\/?post_type=product&#038;p=285"},"modified":"2025-11-27T13:35:52","modified_gmt":"2025-11-27T05:35:52","slug":"longi-himo-x6-lr5-54htb-415-w-420-w-425-w-430-w-435-w","status":"publish","type":"product","link":"https:\/\/jinkosolarpv.com\/es\/product\/longi-himo-x6-lr5-54htb-415-w-420-w-425-w-430-w-435-w\/","title":{"rendered":"Longi Himo X6 LR5-54HTB 415 W, 420 W, 425 W, 430 W, 435 W"},"content":{"rendered":"<p><strong>Detalles del producto<\/strong><\/p>\n<table width=\"405\" cellspacing=\"0\" cellpadding=\"0\">\n<colgroup>\n<col width=\"180\" \/>\n<col width=\"496\" \/><\/colgroup>\n<tbody>\n<tr class=\"firstRow\">\n<td class=\"et4\" width=\"108\" height=\"22\">Orientaci\u00f3n celular<\/td>\n<td class=\"et5\" width=\"298\">108 (6 x 18)<\/td>\n<\/tr>\n<tr>\n<td class=\"et4\" width=\"108\" height=\"22\">Caja de empalmes<\/td>\n<td class=\"et5\" width=\"298\">IP68<\/td>\n<\/tr>\n<tr>\n<td class=\"et4\" width=\"108\" height=\"39\">Cable de salida<\/td>\n<td class=\"et5\" width=\"298\">4 m\u00b2, longitud de 1200 mm personalizable.<\/td>\n<\/tr>\n<tr>\n<td class=\"et4\" width=\"108\" height=\"22\">Vidrio<\/td>\n<td class=\"et5\" width=\"298\">Cristal simple, cristal templado con revestimiento de 3,2 mm.<\/td>\n<\/tr>\n<tr>\n<td class=\"et4\" width=\"108\" height=\"22\">Marco<\/td>\n<td class=\"et5\" width=\"298\">Marco de aleaci\u00f3n de aluminio anodizado<\/td>\n<\/tr>\n<tr>\n<td class=\"et4\" width=\"108\" height=\"22\">Peso<\/td>\n<td class=\"et5\" width=\"298\">20,8 kg<\/td>\n<\/tr>\n<tr>\n<td class=\"et4\" width=\"108\" height=\"22\">Dimensi\u00f3n<\/td>\n<td class=\"et5\" width=\"298\">1722 x 1134 x 30 mm<\/td>\n<\/tr>\n<tr>\n<td class=\"et4\" width=\"108\" height=\"22\">Embalaje<\/td>\n<td class=\"et5\" width=\"298\">36 unidades por pal\u00e9 \/ 216 unidades por contenedor GP de 20\u2033 \/ 936 unidades por contenedor HC de 40\u2032.<\/td>\n<\/tr>\n<\/tbody>\n<\/table>\n<p><strong>Descripci\u00f3n del producto<\/strong><strong>n<\/strong><\/p>\n<p><strong>Longi Himo X6 LR5-54HTB 415 W, 420 W, 425 W, 430 W, 435 W<\/strong><strong>\u00a0Paneles solares residenciales M\u00f3dulo fotovoltaico Panel solar  Para sistema de parque solar\u00a0<\/strong><\/p>\n<div>\n<div>\n<p>Los paneles solares residenciales Longi 410W, 415W, 420W, 425W y 430W son m\u00f3dulos fotovoltaicos de alta calidad dise\u00f1ados para proporcionar energ\u00eda solar eficiente y fiable para aplicaciones residenciales. Estos paneles son fabricados por Longi, un reconocido y fiable fabricante de paneles solares conocido por su tecnolog\u00eda de vanguardia y sus productos de alto rendimiento.<\/p>\n<p>&nbsp;<\/p>\n<p>Con potencias que oscilan entre los 410 W y los 430 W, estos paneles solares proporcionan una cantidad considerable de electricidad. Su alta potencia garantiza que puedan satisfacer las necesidades energ\u00e9ticas de las propiedades residenciales, lo que permite a los propietarios reducir su dependencia de la red el\u00e9ctrica y, potencialmente, alcanzar la independencia energ\u00e9tica.<\/p>\n<p><img decoding=\"async\" src=\"http:\/\/jinkosolarpv.com\/wp-content\/uploads\/2025\/11\/3a153539957559124fdc0ac17ffb339e.png\" alt=\"\" title=\"\"><\/p>\n<\/div>\n<\/div>","protected":false},"excerpt":{"rendered":"<p>N\u00famero de m\u00f3dulo: Longi LR5-54HTB 415-435 W<br \/>\nPeso: 20,8 kg<br \/>\nPaquete: 36 unidades\/pal\u00e9; 936 unidades\/40 hq<br \/>\nEspecificaciones: 1722 x 1134 x 30 mm<br \/>\nMarca comercial: Longi Solar<br \/>\nOrigen:China<\/p>","protected":false},"featured_media":288,"comment_status":"open","ping_status":"closed","template":"","meta":{"site-sidebar-layout":"default","site-content-layout":"","ast-site-content-layout":"default","site-content-style":"default","site-sidebar-style":"default","ast-global-header-display":"","ast-banner-title-visibility":"","ast-main-header-display":"","ast-hfb-above-header-display":"","ast-hfb-below-header-display":"","ast-hfb-mobile-header-display":"","site-post-title":"","ast-breadcrumbs-content":"","ast-featured-img":"","footer-sml-layout":"","theme-transparent-header-meta":"default","adv-header-id-meta":"","stick-header-meta":"","header-above-stick-meta":"","header-main-stick-meta":"","header-below-stick-meta":"","astra-migrate-meta-layouts":"set","ast-page-background-enabled":"default","ast-page-background-meta":{"desktop":{"background-color":"var(--ast-global-color-5)","background-image":"","background-repeat":"repeat","background-position":"center center","background-size":"auto","background-attachment":"scroll","background-type":"","background-media":"","overlay-type":"","overlay-color":"","overlay-opacity":"","overlay-gradient":""},"tablet":{"background-color":"","background-image":"","background-repeat":"repeat","background-position":"center center","background-size":"auto","background-attachment":"scroll","background-type":"","background-media":"","overlay-type":"","overlay-color":"","overlay-opacity":"","overlay-gradient":""},"mobile":{"background-color":"","background-image":"","background-repeat":"repeat","background-position":"center center","background-size":"auto","background-attachment":"scroll","background-type":"","background-media":"","overlay-type":"","overlay-color":"","overlay-opacity":"","overlay-gradient":""}},"ast-content-background-meta":{"desktop":{"background-color":"var(--ast-global-color-4)","background-image":"","background-repeat":"repeat","background-position":"center center","background-size":"auto","background-attachment":"scroll","background-type":"","background-media":"","overlay-type":"","overlay-color":"","overlay-opacity":"","overlay-gradient":""},"tablet":{"background-color":"var(--ast-global-color-4)","background-image":"","background-repeat":"repeat","background-position":"center center","background-size":"auto","background-attachment":"scroll","background-type":"","background-media":"","overlay-type":"","overlay-color":"","overlay-opacity":"","overlay-gradient":""},"mobile":{"background-color":"var(--ast-global-color-4)","background-image":"","background-repeat":"repeat","background-position":"center center","background-size":"auto","background-attachment":"scroll","background-type":"","background-media":"","overlay-type":"","overlay-color":"","overlay-opacity":"","overlay-gradient":""}}},"product_brand":[],"product_cat":[21],"product_tag":[],"class_list":{"0":"post-285","1":"product","2":"type-product","3":"status-publish","4":"has-post-thumbnail","6":"product_cat-longi-solar-panel","7":"desktop-align-left","8":"tablet-align-left","9":"mobile-align-left","11":"first","12":"instock","13":"shipping-taxable","14":"product-type-simple"},"_links":{"self":[{"href":"https:\/\/jinkosolarpv.com\/es\/wp-json\/wp\/v2\/product\/285","targetHints":{"allow":["GET"]}}],"collection":[{"href":"https:\/\/jinkosolarpv.com\/es\/wp-json\/wp\/v2\/product"}],"about":[{"href":"https:\/\/jinkosolarpv.com\/es\/wp-json\/wp\/v2\/types\/product"}],"replies":[{"embeddable":true,"href":"https:\/\/jinkosolarpv.com\/es\/wp-json\/wp\/v2\/comments?post=285"}],"wp:featuredmedia":[{"embeddable":true,"href":"https:\/\/jinkosolarpv.com\/es\/wp-json\/wp\/v2\/media\/288"}],"wp:attachment":[{"href":"https:\/\/jinkosolarpv.com\/es\/wp-json\/wp\/v2\/media?parent=285"}],"wp:term":[{"taxonomy":"product_brand","embeddable":true,"href":"https:\/\/jinkosolarpv.com\/es\/wp-json\/wp\/v2\/product_brand?post=285"},{"taxonomy":"product_cat","embeddable":true,"href":"https:\/\/jinkosolarpv.com\/es\/wp-json\/wp\/v2\/product_cat?post=285"},{"taxonomy":"product_tag","embeddable":true,"href":"https:\/\/jinkosolarpv.com\/es\/wp-json\/wp\/v2\/product_tag?post=285"}],"curies":[{"name":"wp","href":"https:\/\/api.w.org\/{rel}","templated":true}]}}