{"id":236,"date":"2025-11-17T10:30:05","date_gmt":"2025-11-17T02:30:05","guid":{"rendered":"https:\/\/jinkosolarpv.com\/?post_type=product&#038;p=236"},"modified":"2025-11-27T13:46:59","modified_gmt":"2025-11-27T05:46:59","slug":"jinko-tiger-neo-n-tipo-78hl4-bdv-605-w-610-w-615-w-620-w-625-w","status":"publish","type":"product","link":"https:\/\/jinkosolarpv.com\/es\/product\/jinko-tiger-neo-n-tipo-78hl4-bdv-605-w-610-w-615-w-620-w-625-w\/","title":{"rendered":"Jinko Tiger Neo N-type78HL4-BDV 605w, 610w,615w,620w,625w"},"content":{"rendered":"<p><strong>Detalles del producto<\/strong><\/p>\n<p>&nbsp;<\/p>\n<p>&nbsp;<\/p>\n<table width=\"345\" cellspacing=\"0\" cellpadding=\"0\">\n<colgroup>\n<col width=\"166\" \/>\n<col width=\"410\" \/><\/colgroup>\n<tbody>\n<tr class=\"firstRow\">\n<td class=\"et2\" colspan=\"2\" width=\"346\" height=\"28\">Caracter\u00edsticas mec\u00e1nicas<\/td>\n<\/tr>\n<tr>\n<td class=\"et4\" width=\"100\" height=\"22\">Tipo de c\u00e9lula<\/td>\n<td class=\"et4\" width=\"246\">Tipo N monocristalino<\/td>\n<\/tr>\n<tr>\n<td class=\"et5\" width=\"100\" height=\"39\">N\u00ba de c\u00e9lulas<\/td>\n<td class=\"et6\" width=\"246\">156 (2 \u00d7 78)<\/td>\n<\/tr>\n<tr>\n<td class=\"et5\" width=\"100\" height=\"22\">Dimensiones<\/td>\n<td class=\"et6\" width=\"246\">2465 x 1134 x 30 mm (97,05 \u00d7 44,65 \u00d7 1,18 pulgadas)<\/td>\n<\/tr>\n<tr>\n<td class=\"et5\" width=\"100\" height=\"22\">Peso<\/td>\n<td class=\"et6\" width=\"246\">34,6 kg (76,38 libras)<\/td>\n<\/tr>\n<tr>\n<td class=\"et5\" width=\"100\" height=\"22\">Cristal delantero<\/td>\n<td class=\"et6\" width=\"246\">2,0 mm, revestimiento antirreflectante<\/td>\n<\/tr>\n<tr>\n<td class=\"et5\" colspan=\"1\" rowspan=\"1\">Cristal trasero<\/td>\n<td class=\"et5\" colspan=\"1\" rowspan=\"1\">2,0 mm, vidrio templado<\/td>\n<\/tr>\n<tr>\n<td class=\"et5\" width=\"100\" height=\"22\">Marco<\/td>\n<td class=\"et6\" width=\"246\">Aleaci\u00f3n de aluminio anodizado<\/td>\n<\/tr>\n<tr>\n<td class=\"et5\" width=\"100\" height=\"22\">Caja de empalmes<\/td>\n<td class=\"et7\" width=\"246\">Clasificaci\u00f3n IP68<\/td>\n<\/tr>\n<tr>\n<td class=\"et5\" width=\"100\" height=\"39\">Cables de salida<\/td>\n<td class=\"et6\" width=\"246\">TUV 1\u00d74,0 mm<br \/>\n(+):400mm,(-):200mm o longitud personalizada<\/td>\n<\/tr>\n<\/tbody>\n<\/table>\n<p><strong>Paneles solares Jinko 590 W, 605 W, 610 W, 615 W, 620 W y 625 W; paneles solares monocristalinos; paneles solares negros.<\/strong><\/p>\n<p>La durabilidad a largo plazo de los paneles solares PERC es otra ventaja que los distingue de los paneles solares convencionales. La capa de pasivaci\u00f3n a\u00f1adida a la parte posterior de la c\u00e9lula no solo mejora la eficiencia, sino que tambi\u00e9n proporciona una protecci\u00f3n adicional contra factores ambientales como la humedad, el polvo y la radiaci\u00f3n UV. Esta protecci\u00f3n adicional contribuye a la longevidad general del panel, garantizando que siga generando electricidad de manera eficiente durante un per\u00edodo prolongado. Con una vida \u00fatil t\u00edpica de 25 a 30 a\u00f1os, los paneles solares PERC proporcionan una fuente de energ\u00eda renovable fiable y duradera para propietarios de viviendas y empresas.<\/p>\n<p><img decoding=\"async\" src=\"http:\/\/jinkosolarpv.com\/wp-content\/uploads\/2025\/11\/a552075c332f36fb774f7995a83b9353.png\" alt=\"\" title=\"\"><\/p>","protected":false},"excerpt":{"rendered":"<p>N\u00famero de m\u00f3dulo: Jinko Tiger Neo tipo N 78HL4-BDV605-625 vatios<br \/>\nPeso: 34,6 kg<br \/>\nPaquete: 36 unidades\/pal\u00e9; 576 unidades\/40 hq<br \/>\nEspecificaciones: 2465 \u00d7 1134 \u00d7 30 mm<br \/>\nMarca:Jinko solar<br \/>\nOrigen:China<\/p>","protected":false},"featured_media":239,"comment_status":"open","ping_status":"closed","template":"","meta":{"site-sidebar-layout":"default","site-content-layout":"","ast-site-content-layout":"default","site-content-style":"default","site-sidebar-style":"default","ast-global-header-display":"","ast-banner-title-visibility":"","ast-main-header-display":"","ast-hfb-above-header-display":"","ast-hfb-below-header-display":"","ast-hfb-mobile-header-display":"","site-post-title":"","ast-breadcrumbs-content":"","ast-featured-img":"","footer-sml-layout":"","theme-transparent-header-meta":"default","adv-header-id-meta":"","stick-header-meta":"","header-above-stick-meta":"","header-main-stick-meta":"","header-below-stick-meta":"","astra-migrate-meta-layouts":"set","ast-page-background-enabled":"default","ast-page-background-meta":{"desktop":{"background-color":"var(--ast-global-color-5)","background-image":"","background-repeat":"repeat","background-position":"center center","background-size":"auto","background-attachment":"scroll","background-type":"","background-media":"","overlay-type":"","overlay-color":"","overlay-opacity":"","overlay-gradient":""},"tablet":{"background-color":"","background-image":"","background-repeat":"repeat","background-position":"center center","background-size":"auto","background-attachment":"scroll","background-type":"","background-media":"","overlay-type":"","overlay-color":"","overlay-opacity":"","overlay-gradient":""},"mobile":{"background-color":"","background-image":"","background-repeat":"repeat","background-position":"center center","background-size":"auto","background-attachment":"scroll","background-type":"","background-media":"","overlay-type":"","overlay-color":"","overlay-opacity":"","overlay-gradient":""}},"ast-content-background-meta":{"desktop":{"background-color":"var(--ast-global-color-4)","background-image":"","background-repeat":"repeat","background-position":"center center","background-size":"auto","background-attachment":"scroll","background-type":"","background-media":"","overlay-type":"","overlay-color":"","overlay-opacity":"","overlay-gradient":""},"tablet":{"background-color":"var(--ast-global-color-4)","background-image":"","background-repeat":"repeat","background-position":"center center","background-size":"auto","background-attachment":"scroll","background-type":"","background-media":"","overlay-type":"","overlay-color":"","overlay-opacity":"","overlay-gradient":""},"mobile":{"background-color":"var(--ast-global-color-4)","background-image":"","background-repeat":"repeat","background-position":"center center","background-size":"auto","background-attachment":"scroll","background-type":"","background-media":"","overlay-type":"","overlay-color":"","overlay-opacity":"","overlay-gradient":""}}},"product_brand":[],"product_cat":[19],"product_tag":[],"class_list":{"0":"post-236","1":"product","2":"type-product","3":"status-publish","4":"has-post-thumbnail","6":"product_cat-jinko-solar-panel","7":"desktop-align-left","8":"tablet-align-left","9":"mobile-align-left","11":"first","12":"instock","13":"shipping-taxable","14":"product-type-simple"},"_links":{"self":[{"href":"https:\/\/jinkosolarpv.com\/es\/wp-json\/wp\/v2\/product\/236","targetHints":{"allow":["GET"]}}],"collection":[{"href":"https:\/\/jinkosolarpv.com\/es\/wp-json\/wp\/v2\/product"}],"about":[{"href":"https:\/\/jinkosolarpv.com\/es\/wp-json\/wp\/v2\/types\/product"}],"replies":[{"embeddable":true,"href":"https:\/\/jinkosolarpv.com\/es\/wp-json\/wp\/v2\/comments?post=236"}],"wp:featuredmedia":[{"embeddable":true,"href":"https:\/\/jinkosolarpv.com\/es\/wp-json\/wp\/v2\/media\/239"}],"wp:attachment":[{"href":"https:\/\/jinkosolarpv.com\/es\/wp-json\/wp\/v2\/media?parent=236"}],"wp:term":[{"taxonomy":"product_brand","embeddable":true,"href":"https:\/\/jinkosolarpv.com\/es\/wp-json\/wp\/v2\/product_brand?post=236"},{"taxonomy":"product_cat","embeddable":true,"href":"https:\/\/jinkosolarpv.com\/es\/wp-json\/wp\/v2\/product_cat?post=236"},{"taxonomy":"product_tag","embeddable":true,"href":"https:\/\/jinkosolarpv.com\/es\/wp-json\/wp\/v2\/product_tag?post=236"}],"curies":[{"name":"wp","href":"https:\/\/api.w.org\/{rel}","templated":true}]}}