{"id":231,"date":"2025-11-17T10:24:55","date_gmt":"2025-11-17T02:24:55","guid":{"rendered":"https:\/\/jinkosolarpv.com\/?post_type=product&#038;p=231"},"modified":"2025-11-27T13:48:18","modified_gmt":"2025-11-27T05:48:18","slug":"jinko-tiger-pro-72hc-565w-570w-575w-580w-585w","status":"publish","type":"product","link":"https:\/\/jinkosolarpv.com\/es\/product\/jinko-tiger-pro-72hc-565w-570w-575w-580w-585w\/","title":{"rendered":"Jinko Tiger Pro 72HC 565w,570w,575w,580w,585w"},"content":{"rendered":"<p><strong>Detalles del producto<\/strong><\/p>\n<p>&nbsp;<\/p>\n<p>&nbsp;<\/p>\n<table width=\"345\" cellspacing=\"0\" cellpadding=\"0\">\n<colgroup>\n<col width=\"166\" \/>\n<col width=\"410\" \/><\/colgroup>\n<tbody>\n<tr class=\"firstRow\">\n<td class=\"et2\" colspan=\"2\" width=\"346\" height=\"28\">Caracter\u00edsticas mec\u00e1nicas<\/td>\n<\/tr>\n<tr>\n<td class=\"et4\" width=\"100\" height=\"22\">Tipo de c\u00e9lula<\/td>\n<td class=\"et4\" width=\"246\">Tipo P Monocristalino<\/td>\n<\/tr>\n<tr>\n<td class=\"et5\" width=\"100\" height=\"39\">N\u00ba de c\u00e9lulas<\/td>\n<td class=\"et6\" width=\"246\">144(6\u00d724)<\/td>\n<\/tr>\n<tr>\n<td class=\"et5\" width=\"100\" height=\"22\">Dimensiones<\/td>\n<td class=\"et6\" width=\"246\">2278 x 1134 x 30 mm (89,53 \u00d7 44,65 \u00d7 1,38 pulgadas)<\/td>\n<\/tr>\n<tr>\n<td class=\"et5\" width=\"100\" height=\"22\">Peso<\/td>\n<td class=\"et6\" width=\"246\">27 kg (59,52 libras)<\/td>\n<\/tr>\n<tr>\n<td class=\"et5\" width=\"100\" height=\"22\">Cristal delantero<\/td>\n<td class=\"et6\" width=\"246\">3,2 mm,Revestimiento antirreflejos,Cristal frontalAlta transmisi\u00f3n, baja irradiaci\u00f3n, cristal templado<\/td>\n<\/tr>\n<tr>\n<td class=\"et5\" width=\"100\" height=\"22\">Marco<\/td>\n<td class=\"et6\" width=\"246\">Aleaci\u00f3n de aluminio anodizado<\/td>\n<\/tr>\n<tr>\n<td class=\"et5\" width=\"100\" height=\"22\">Caja de empalmes<\/td>\n<td class=\"et7\" width=\"246\">Clasificaci\u00f3n IP68<\/td>\n<\/tr>\n<tr>\n<td class=\"et5\" width=\"100\" height=\"39\">Cables de salida<\/td>\n<td class=\"et6\" width=\"246\">TUV 1\u00d74,0 mm<br \/>\n(+):400mm,(-):200mm o longitud personalizada<\/td>\n<\/tr>\n<\/tbody>\n<\/table>\n<p><strong>Descripci\u00f3n del producto<\/strong><\/p>\n<p>&nbsp;<\/p>\n<p><strong>Jinko   565 W 570 W 575 W 580 W 585 W Panel solar totalmente negro Paneles solares mono En el almac\u00e9n de China\u00a0<\/strong><\/p>\n<p>Otra ventaja de los paneles solares de media c\u00e9lula es su mayor rendimiento en condiciones de sombra o sombra parcial. En los paneles solares tradicionales de c\u00e9lula completa, el sombreado en una parte del panel puede afectar significativamente al rendimiento general de todo el panel, ya que la corriente el\u00e9ctrica se ve obligada a fluir a trav\u00e9s de las c\u00e9lulas sombreadas a una velocidad reducida. Por el contrario, los paneles solares de media c\u00e9lula son menos susceptibles a los problemas de sombreado debido a la disposici\u00f3n \u00fanica de sus c\u00e9lulas y a su configuraci\u00f3n el\u00e9ctrica. Cuando una parte de un panel semicelular est\u00e1 a la sombra, s\u00f3lo las semiceldas afectadas experimentan una reducci\u00f3n de rendimiento, mientras que las semiceldas restantes siguen generando electricidad a plena capacidad. Esta caracter\u00edstica hace que los paneles solares de media c\u00e9lula sean una opci\u00f3n adecuada para instalaciones en las que el sombreado puede ser un problema, como tejados con chimeneas o \u00e1rboles cercanos.<\/p>\n<p><img decoding=\"async\" src=\"http:\/\/jinkosolarpv.com\/wp-content\/uploads\/2025\/11\/a7d4de708e89b0ebfa137245d61b406e.png\" alt=\"\" title=\"\"><\/p>","protected":false},"excerpt":{"rendered":"<p>N\u00famero de m\u00f3dulo: Tiger Pro 72HC 565-585 vatios<br \/>\nPeso:28 kg<br \/>\nPaquete:36pcs\/palet;720pcs\/40hq<br \/>\nEspecificaciones: 2278 \u00d7 1134 \u00d7 30 mm<br \/>\nMarca:Jinko solar<br \/>\nOrigen:China<\/p>","protected":false},"featured_media":234,"comment_status":"open","ping_status":"closed","template":"","meta":{"site-sidebar-layout":"default","site-content-layout":"","ast-site-content-layout":"default","site-content-style":"default","site-sidebar-style":"default","ast-global-header-display":"","ast-banner-title-visibility":"","ast-main-header-display":"","ast-hfb-above-header-display":"","ast-hfb-below-header-display":"","ast-hfb-mobile-header-display":"","site-post-title":"","ast-breadcrumbs-content":"","ast-featured-img":"","footer-sml-layout":"","ast-disable-related-posts":"","theme-transparent-header-meta":"default","adv-header-id-meta":"","stick-header-meta":"","header-above-stick-meta":"","header-main-stick-meta":"","header-below-stick-meta":"","astra-migrate-meta-layouts":"set","ast-page-background-enabled":"default","ast-page-background-meta":{"desktop":{"background-color":"var(--ast-global-color-5)","background-image":"","background-repeat":"repeat","background-position":"center center","background-size":"auto","background-attachment":"scroll","background-type":"","background-media":"","overlay-type":"","overlay-color":"","overlay-opacity":"","overlay-gradient":""},"tablet":{"background-color":"","background-image":"","background-repeat":"repeat","background-position":"center center","background-size":"auto","background-attachment":"scroll","background-type":"","background-media":"","overlay-type":"","overlay-color":"","overlay-opacity":"","overlay-gradient":""},"mobile":{"background-color":"","background-image":"","background-repeat":"repeat","background-position":"center center","background-size":"auto","background-attachment":"scroll","background-type":"","background-media":"","overlay-type":"","overlay-color":"","overlay-opacity":"","overlay-gradient":""}},"ast-content-background-meta":{"desktop":{"background-color":"var(--ast-global-color-4)","background-image":"","background-repeat":"repeat","background-position":"center center","background-size":"auto","background-attachment":"scroll","background-type":"","background-media":"","overlay-type":"","overlay-color":"","overlay-opacity":"","overlay-gradient":""},"tablet":{"background-color":"var(--ast-global-color-4)","background-image":"","background-repeat":"repeat","background-position":"center center","background-size":"auto","background-attachment":"scroll","background-type":"","background-media":"","overlay-type":"","overlay-color":"","overlay-opacity":"","overlay-gradient":""},"mobile":{"background-color":"var(--ast-global-color-4)","background-image":"","background-repeat":"repeat","background-position":"center center","background-size":"auto","background-attachment":"scroll","background-type":"","background-media":"","overlay-type":"","overlay-color":"","overlay-opacity":"","overlay-gradient":""}}},"product_brand":[],"product_cat":[19],"product_tag":[],"class_list":{"0":"post-231","1":"product","2":"type-product","3":"status-publish","4":"has-post-thumbnail","6":"product_cat-jinko-solar-panel","7":"desktop-align-left","8":"tablet-align-left","9":"mobile-align-left","11":"first","12":"instock","13":"shipping-taxable","14":"product-type-simple"},"_links":{"self":[{"href":"https:\/\/jinkosolarpv.com\/es\/wp-json\/wp\/v2\/product\/231","targetHints":{"allow":["GET"]}}],"collection":[{"href":"https:\/\/jinkosolarpv.com\/es\/wp-json\/wp\/v2\/product"}],"about":[{"href":"https:\/\/jinkosolarpv.com\/es\/wp-json\/wp\/v2\/types\/product"}],"replies":[{"embeddable":true,"href":"https:\/\/jinkosolarpv.com\/es\/wp-json\/wp\/v2\/comments?post=231"}],"wp:featuredmedia":[{"embeddable":true,"href":"https:\/\/jinkosolarpv.com\/es\/wp-json\/wp\/v2\/media\/234"}],"wp:attachment":[{"href":"https:\/\/jinkosolarpv.com\/es\/wp-json\/wp\/v2\/media?parent=231"}],"wp:term":[{"taxonomy":"product_brand","embeddable":true,"href":"https:\/\/jinkosolarpv.com\/es\/wp-json\/wp\/v2\/product_brand?post=231"},{"taxonomy":"product_cat","embeddable":true,"href":"https:\/\/jinkosolarpv.com\/es\/wp-json\/wp\/v2\/product_cat?post=231"},{"taxonomy":"product_tag","embeddable":true,"href":"https:\/\/jinkosolarpv.com\/es\/wp-json\/wp\/v2\/product_tag?post=231"}],"curies":[{"name":"wp","href":"https:\/\/api.w.org\/{rel}","templated":true}]}}