{"id":218,"date":"2025-11-17T10:16:09","date_gmt":"2025-11-17T02:16:09","guid":{"rendered":"https:\/\/jinkosolarpv.com\/?post_type=product&#038;p=218"},"modified":"2025-11-27T13:50:05","modified_gmt":"2025-11-27T05:50:05","slug":"jinko-tiger-neo-n-tipo-60hl4-v-460-w-465-w-470-w-475-w-480-w","status":"publish","type":"product","link":"https:\/\/jinkosolarpv.com\/es\/product\/jinko-tiger-neo-n-tipo-60hl4-v-460-w-465-w-470-w-475-w-480-w\/","title":{"rendered":"Jinko Tiger Neo tipo N 60HL4-(V) 460w, 465w, 470w, 475w, 480w"},"content":{"rendered":"<p><strong>Detalles del producto<\/strong><\/p>\n<p>&nbsp;<\/p>\n<p>&nbsp;<\/p>\n<table width=\"465\" cellspacing=\"0\" cellpadding=\"0\">\n<colgroup>\n<col width=\"166\" \/>\n<col width=\"415\" \/><\/colgroup>\n<tbody>\n<tr class=\"firstRow\">\n<td class=\"selectTdClass\" colspan=\"2\" width=\"465\" height=\"38\">Caracter\u00edsticas mec\u00e1nicas<\/td>\n<\/tr>\n<tr>\n<td class=\"selectTdClass\" width=\"133\" height=\"30\">Tipo de c\u00e9lula<\/td>\n<td class=\"selectTdClass\" width=\"332\">Tipo N monocristalino<\/td>\n<\/tr>\n<tr>\n<td class=\"selectTdClass\" width=\"133\" height=\"30\">N\u00famero de celdas<\/td>\n<td class=\"selectTdClass\" width=\"332\">120 (6 \u00d7 20)<\/td>\n<\/tr>\n<tr>\n<td class=\"selectTdClass\" width=\"133\" height=\"30\">Dimensiones<\/td>\n<td class=\"selectTdClass\" width=\"332\">1903 \u00d7 1134 \u00d7 30 mm (74,92 \u00d7 44,65 \u00d7 1,18 pulgadas)<\/td>\n<\/tr>\n<tr>\n<td class=\"selectTdClass\" width=\"133\" height=\"30\">Peso<\/td>\n<td class=\"selectTdClass\" width=\"332\">24,2 kg (53,35 libras)<\/td>\n<\/tr>\n<tr>\n<td class=\"selectTdClass\" width=\"133\" height=\"52\">Cristal delantero<\/td>\n<td class=\"selectTdClass\" width=\"332\">3,2 mm, revestimiento antirreflectante,<br \/>\nAlta transmisi\u00f3n, bajo contenido en hierro, vidrio templado<\/td>\n<\/tr>\n<tr>\n<td class=\"selectTdClass\" width=\"133\" height=\"30\">Marco<\/td>\n<td class=\"selectTdClass\" width=\"332\">Aleaci\u00f3n de aluminio anodizado<\/td>\n<\/tr>\n<tr>\n<td class=\"selectTdClass\" width=\"133\" height=\"30\">Caja de empalmes<\/td>\n<td class=\"selectTdClass\" width=\"332\">Clasificaci\u00f3n IP68<\/td>\n<\/tr>\n<tr>\n<td class=\"selectTdClass\" width=\"133\" height=\"52\">Cables de salida<\/td>\n<td class=\"selectTdClass\" width=\"332\">TUV 1\u00d74,0 mm<br \/>\n(+): 400 mm, H): 200 mm o longitud personalizada<\/td>\n<\/tr>\n<\/tbody>\n<\/table>\n<p><strong>Descripci\u00f3n del producto<\/strong><\/p>\n<p><strong>Jinko 460W 465W 470W 475W 480W Paneles solares en oferta en China Paneles solares de corte medio en stock<\/strong><\/p>\n<p>Los continuos avances en la tecnolog\u00eda de los paneles solares PERC han dado lugar a mejoras constantes en cuanto a eficiencia, durabilidad y rentabilidad. A medida que se dedican m\u00e1s esfuerzos de investigaci\u00f3n y desarrollo a esta tecnolog\u00eda, se espera que surjan nuevas innovaciones, lo que convertir\u00e1 a los paneles solares PERC en una opci\u00f3n a\u00fan m\u00e1s atractiva para los entusiastas de las energ\u00edas renovables. Estos continuos avances garantizan que los paneles solares PERC sigan estando a la vanguardia de la tecnolog\u00eda de los paneles solares, proporcionando a los consumidores una soluci\u00f3n energ\u00e9tica cada vez m\u00e1s eficiente y fiable.<\/p>\n<p><img decoding=\"async\" src=\"http:\/\/jinkosolarpv.com\/wp-content\/uploads\/2025\/11\/6a6cd9c3018b417546217185e0b28519.png\" alt=\"\" title=\"\"><\/p>","protected":false},"excerpt":{"rendered":"<p>N\u00famero de m\u00f3dulo: Jinko Tiger Neo tipo N 60HL4-(V) 460-480 vatios<br \/>\nPeso: 24,2 kg<br \/>\nPaquete: 36 unidades\/pal\u00e9; 864 unidades\/40 hq<br \/>\nEspecificaciones: 1903 \u00d7 1134 \u00d7 30 mm<br \/>\nMarca:Jinko solar<br \/>\nOrigen:China<\/p>","protected":false},"featured_media":220,"comment_status":"open","ping_status":"closed","template":"","meta":{"site-sidebar-layout":"default","site-content-layout":"","ast-site-content-layout":"default","site-content-style":"default","site-sidebar-style":"default","ast-global-header-display":"","ast-banner-title-visibility":"","ast-main-header-display":"","ast-hfb-above-header-display":"","ast-hfb-below-header-display":"","ast-hfb-mobile-header-display":"","site-post-title":"","ast-breadcrumbs-content":"","ast-featured-img":"","footer-sml-layout":"","theme-transparent-header-meta":"default","adv-header-id-meta":"","stick-header-meta":"","header-above-stick-meta":"","header-main-stick-meta":"","header-below-stick-meta":"","astra-migrate-meta-layouts":"set","ast-page-background-enabled":"default","ast-page-background-meta":{"desktop":{"background-color":"var(--ast-global-color-5)","background-image":"","background-repeat":"repeat","background-position":"center center","background-size":"auto","background-attachment":"scroll","background-type":"","background-media":"","overlay-type":"","overlay-color":"","overlay-opacity":"","overlay-gradient":""},"tablet":{"background-color":"","background-image":"","background-repeat":"repeat","background-position":"center center","background-size":"auto","background-attachment":"scroll","background-type":"","background-media":"","overlay-type":"","overlay-color":"","overlay-opacity":"","overlay-gradient":""},"mobile":{"background-color":"","background-image":"","background-repeat":"repeat","background-position":"center center","background-size":"auto","background-attachment":"scroll","background-type":"","background-media":"","overlay-type":"","overlay-color":"","overlay-opacity":"","overlay-gradient":""}},"ast-content-background-meta":{"desktop":{"background-color":"var(--ast-global-color-4)","background-image":"","background-repeat":"repeat","background-position":"center center","background-size":"auto","background-attachment":"scroll","background-type":"","background-media":"","overlay-type":"","overlay-color":"","overlay-opacity":"","overlay-gradient":""},"tablet":{"background-color":"var(--ast-global-color-4)","background-image":"","background-repeat":"repeat","background-position":"center center","background-size":"auto","background-attachment":"scroll","background-type":"","background-media":"","overlay-type":"","overlay-color":"","overlay-opacity":"","overlay-gradient":""},"mobile":{"background-color":"var(--ast-global-color-4)","background-image":"","background-repeat":"repeat","background-position":"center center","background-size":"auto","background-attachment":"scroll","background-type":"","background-media":"","overlay-type":"","overlay-color":"","overlay-opacity":"","overlay-gradient":""}}},"product_brand":[],"product_cat":[19],"product_tag":[],"class_list":{"0":"post-218","1":"product","2":"type-product","3":"status-publish","4":"has-post-thumbnail","6":"product_cat-jinko-solar-panel","7":"desktop-align-left","8":"tablet-align-left","9":"mobile-align-left","11":"first","12":"instock","13":"shipping-taxable","14":"product-type-simple"},"_links":{"self":[{"href":"https:\/\/jinkosolarpv.com\/es\/wp-json\/wp\/v2\/product\/218","targetHints":{"allow":["GET"]}}],"collection":[{"href":"https:\/\/jinkosolarpv.com\/es\/wp-json\/wp\/v2\/product"}],"about":[{"href":"https:\/\/jinkosolarpv.com\/es\/wp-json\/wp\/v2\/types\/product"}],"replies":[{"embeddable":true,"href":"https:\/\/jinkosolarpv.com\/es\/wp-json\/wp\/v2\/comments?post=218"}],"wp:featuredmedia":[{"embeddable":true,"href":"https:\/\/jinkosolarpv.com\/es\/wp-json\/wp\/v2\/media\/220"}],"wp:attachment":[{"href":"https:\/\/jinkosolarpv.com\/es\/wp-json\/wp\/v2\/media?parent=218"}],"wp:term":[{"taxonomy":"product_brand","embeddable":true,"href":"https:\/\/jinkosolarpv.com\/es\/wp-json\/wp\/v2\/product_brand?post=218"},{"taxonomy":"product_cat","embeddable":true,"href":"https:\/\/jinkosolarpv.com\/es\/wp-json\/wp\/v2\/product_cat?post=218"},{"taxonomy":"product_tag","embeddable":true,"href":"https:\/\/jinkosolarpv.com\/es\/wp-json\/wp\/v2\/product_tag?post=218"}],"curies":[{"name":"wp","href":"https:\/\/api.w.org\/{rel}","templated":true}]}}