{"id":204,"date":"2025-11-17T10:07:24","date_gmt":"2025-11-17T02:07:24","guid":{"rendered":"https:\/\/jinkosolarpv.com\/?post_type=product&#038;p=204"},"modified":"2025-11-27T13:52:00","modified_gmt":"2025-11-27T05:52:00","slug":"jinko-tiger-neo-n-tipo-72hl4-bdv560w565w570w575w580w","status":"publish","type":"product","link":"https:\/\/jinkosolarpv.com\/es\/product\/jinko-tiger-neo-n-tipo-72hl4-bdv560w565w570w575w580w\/","title":{"rendered":"Jinko Tiger Neo tipo N 72HL4-BDV560w,565w,570w,575w,580w"},"content":{"rendered":"<p><strong>Detalles del producto<\/strong><\/p>\n<table width=\"532\" cellspacing=\"0\" cellpadding=\"0\">\n<colgroup>\n<col width=\"196\" \/>\n<col width=\"362\" \/>\n<col width=\"106\" \/><\/colgroup>\n<tbody>\n<tr class=\"firstRow\">\n<td width=\"157\" height=\"35\">Mec\u00e1nica<\/td>\n<td colspan=\"2\" width=\"375\">Caracter\u00edsticas<\/td>\n<\/tr>\n<tr>\n<td width=\"157\" height=\"25\">Tipo de c\u00e9lula<\/td>\n<td colspan=\"2\" width=\"375\">Tipo N Monocristalino<\/td>\n<\/tr>\n<tr>\n<td colspan=\"3\" width=\"532\" height=\"25\">N\u00ba de c\u00e9lulas 144(2\u00d772)<\/td>\n<\/tr>\n<tr>\n<td colspan=\"3\" width=\"532\" height=\"27\">Dimensiones 2278\u00d71134\u00d730 mm (89,69\u00d744,65\u00d71,18 pulgadas)<\/td>\n<\/tr>\n<tr>\n<td colspan=\"3\" width=\"532\" height=\"22\">Peso 32 kg (70.55 Ibs)<\/td>\n<\/tr>\n<tr>\n<td colspan=\"3\" width=\"532\" height=\"24\">Cristal frontal de 2,0 mm, revestimiento antirreflejos<\/td>\n<\/tr>\n<tr>\n<td colspan=\"3\" width=\"532\" height=\"26\">Cristal trasero de 2,0 mm, reforzado con calor<\/td>\n<\/tr>\n<tr>\n<td width=\"157\" height=\"23\">Marco<\/td>\n<td width=\"290\">Aleaci\u00f3n de aluminio anodizado<\/td>\n<td width=\"85\"><\/td>\n<\/tr>\n<tr>\n<td width=\"157\" height=\"26\">Caja de empalmes<\/td>\n<td width=\"290\">Clasificaci\u00f3n IP68<\/td>\n<td width=\"85\"><\/td>\n<\/tr>\n<tr>\n<td width=\"157\" height=\"42\">Cables de salida<\/td>\n<td width=\"290\">\u00a0\u00a0\u00a0\u00a0\u00a0\u00a0\u00a0\u00a0\u00a0\u00a0\u00a0\u00a0 TUV 1\u00d74,0mm\u00b3<br \/>\n(+):400mm,(-):200mm o Personalizado<\/td>\n<td width=\"85\">Longitud<\/td>\n<\/tr>\n<\/tbody>\n<\/table>\n<p><strong>Descripci\u00f3n del producto<\/strong><\/p>\n<p><strong>Panel solar AKS Jinko Tiger Neo tipo N 72HL4-BDV 560 W 565 W 570 W 575 W 580 W M\u00f3dulo bifacial de doble cristal Jinko Solar Solarpanel<\/strong><\/p>\n<p>Certificaciones y normas: Los paneles de Jinko Solar suelen cumplir las normas y certificaciones internacionales, como IEC, TUV y UL, entre otras. Estas certificaciones validan la calidad, la seguridad y el rendimiento de los paneles, ofreciendo garant\u00edas a los clientes.<\/p>\n<p>Versatilidad de instalaci\u00f3n: Los paneles Tiger Neo de tipo N est\u00e1n dise\u00f1ados para integrarse f\u00e1cilmente en diversas instalaciones solares. Tanto si se trata de una instalaci\u00f3n en tejado, en suelo o en una huerta solar, estos paneles ofrecen flexibilidad y compatibilidad con distintas opciones de montaje.<\/p>\n<p>Tecnolog\u00eda SMBB<\/p>\n<p>Mejor captura de luz y captaci\u00f3n de corriente para mejorar la potencia y fiabilidad del m\u00f3dulo<\/p>\n<p>Tecnolog\u00eda Hot 2.0<\/p>\n<p>El m\u00f3dulo de tipo N con tecnolog\u00eda Hot 2.0 tiene mayor fiabilidad y menor LID\/LETID.<\/p>\n<p>Resistencia PID<\/p>\n<p>Excelente garant\u00eda de rendimiento Anti-PID mediante un proceso de producci\u00f3n en serie optimizado y control de materiales.<\/p>\n<p>Carga mec\u00e1nica mejorada<\/p>\n<p>Certificado para soportar: carga de viento (2400 Pascal) y carga de nieve (5400 Pascal).<\/p>\n<p>Mayor potencia de salida<\/p>\n<p>Los aumentos de potencia de los m\u00f3dulos de 5,25% suelen conllevar un LCOE significativamente menor y una TIR m\u00e1s alta.<\/p>\n<p><img decoding=\"async\" src=\"http:\/\/jinkosolarpv.com\/wp-content\/uploads\/2025\/11\/aea417e3bf5827bc5eb266267b129e43.png\" alt=\"\" title=\"\"><\/p>","protected":false},"excerpt":{"rendered":"<p>N\u00famero de m\u00f3dulo: Jinko Tiger Neo tipo N 72HL4-BDV560-580 vatios<br \/>\nPeso: 32 kg<br \/>\nPaquete: 36 unidades\/pal\u00e9; 720 unidades\/40 hq<br \/>\nSpecification:2278x1134x30mm<br \/>\nMarca:Jinko solar<br \/>\nOrigen:China<\/p>","protected":false},"featured_media":206,"comment_status":"open","ping_status":"closed","template":"","meta":{"site-sidebar-layout":"default","site-content-layout":"","ast-site-content-layout":"default","site-content-style":"default","site-sidebar-style":"default","ast-global-header-display":"","ast-banner-title-visibility":"","ast-main-header-display":"","ast-hfb-above-header-display":"","ast-hfb-below-header-display":"","ast-hfb-mobile-header-display":"","site-post-title":"","ast-breadcrumbs-content":"","ast-featured-img":"","footer-sml-layout":"","theme-transparent-header-meta":"default","adv-header-id-meta":"","stick-header-meta":"","header-above-stick-meta":"","header-main-stick-meta":"","header-below-stick-meta":"","astra-migrate-meta-layouts":"set","ast-page-background-enabled":"default","ast-page-background-meta":{"desktop":{"background-color":"var(--ast-global-color-5)","background-image":"","background-repeat":"repeat","background-position":"center center","background-size":"auto","background-attachment":"scroll","background-type":"","background-media":"","overlay-type":"","overlay-color":"","overlay-opacity":"","overlay-gradient":""},"tablet":{"background-color":"","background-image":"","background-repeat":"repeat","background-position":"center center","background-size":"auto","background-attachment":"scroll","background-type":"","background-media":"","overlay-type":"","overlay-color":"","overlay-opacity":"","overlay-gradient":""},"mobile":{"background-color":"","background-image":"","background-repeat":"repeat","background-position":"center center","background-size":"auto","background-attachment":"scroll","background-type":"","background-media":"","overlay-type":"","overlay-color":"","overlay-opacity":"","overlay-gradient":""}},"ast-content-background-meta":{"desktop":{"background-color":"var(--ast-global-color-4)","background-image":"","background-repeat":"repeat","background-position":"center center","background-size":"auto","background-attachment":"scroll","background-type":"","background-media":"","overlay-type":"","overlay-color":"","overlay-opacity":"","overlay-gradient":""},"tablet":{"background-color":"var(--ast-global-color-4)","background-image":"","background-repeat":"repeat","background-position":"center center","background-size":"auto","background-attachment":"scroll","background-type":"","background-media":"","overlay-type":"","overlay-color":"","overlay-opacity":"","overlay-gradient":""},"mobile":{"background-color":"var(--ast-global-color-4)","background-image":"","background-repeat":"repeat","background-position":"center center","background-size":"auto","background-attachment":"scroll","background-type":"","background-media":"","overlay-type":"","overlay-color":"","overlay-opacity":"","overlay-gradient":""}}},"product_brand":[],"product_cat":[19],"product_tag":[],"class_list":{"0":"post-204","1":"product","2":"type-product","3":"status-publish","4":"has-post-thumbnail","6":"product_cat-jinko-solar-panel","7":"desktop-align-left","8":"tablet-align-left","9":"mobile-align-left","11":"first","12":"instock","13":"shipping-taxable","14":"product-type-simple"},"_links":{"self":[{"href":"https:\/\/jinkosolarpv.com\/es\/wp-json\/wp\/v2\/product\/204","targetHints":{"allow":["GET"]}}],"collection":[{"href":"https:\/\/jinkosolarpv.com\/es\/wp-json\/wp\/v2\/product"}],"about":[{"href":"https:\/\/jinkosolarpv.com\/es\/wp-json\/wp\/v2\/types\/product"}],"replies":[{"embeddable":true,"href":"https:\/\/jinkosolarpv.com\/es\/wp-json\/wp\/v2\/comments?post=204"}],"wp:featuredmedia":[{"embeddable":true,"href":"https:\/\/jinkosolarpv.com\/es\/wp-json\/wp\/v2\/media\/206"}],"wp:attachment":[{"href":"https:\/\/jinkosolarpv.com\/es\/wp-json\/wp\/v2\/media?parent=204"}],"wp:term":[{"taxonomy":"product_brand","embeddable":true,"href":"https:\/\/jinkosolarpv.com\/es\/wp-json\/wp\/v2\/product_brand?post=204"},{"taxonomy":"product_cat","embeddable":true,"href":"https:\/\/jinkosolarpv.com\/es\/wp-json\/wp\/v2\/product_cat?post=204"},{"taxonomy":"product_tag","embeddable":true,"href":"https:\/\/jinkosolarpv.com\/es\/wp-json\/wp\/v2\/product_tag?post=204"}],"curies":[{"name":"wp","href":"https:\/\/api.w.org\/{rel}","templated":true}]}}