{"id":197,"date":"2025-11-17T10:02:13","date_gmt":"2025-11-17T02:02:13","guid":{"rendered":"https:\/\/jinkosolarpv.com\/?post_type=product&#038;p=197"},"modified":"2025-11-27T13:52:52","modified_gmt":"2025-11-27T05:52:52","slug":"jinko-tiger-neo-n-tipo-54hl4r-b-420w-425w-430w-435w-440w","status":"publish","type":"product","link":"https:\/\/jinkosolarpv.com\/es\/product\/jinko-tiger-neo-n-tipo-54hl4r-b-420w-425w-430w-435w-440w\/","title":{"rendered":"Jinko Tiger Neo Tipo N 54HL4R-B 420w,425w,430w,435w,440w"},"content":{"rendered":"<p><strong>Detalles del producto<\/strong><\/p>\n<table width=\"331\" cellspacing=\"0\" cellpadding=\"0\">\n<colgroup>\n<col width=\"146\" \/>\n<col width=\"407\" \/><\/colgroup>\n<tbody>\n<tr class=\"firstRow\">\n<td class=\"et2\" colspan=\"2\" width=\"332\" height=\"24\">Caracter\u00edsticas mec\u00e1nicas<\/td>\n<\/tr>\n<tr>\n<td class=\"et3\" width=\"88\" height=\"18\">Tipo de c\u00e9lula<\/td>\n<td class=\"et4\" width=\"244\">Tipo N monocristalino<\/td>\n<\/tr>\n<tr>\n<td class=\"et3\" width=\"88\" height=\"18\">No, de c\u00e9lulas<\/td>\n<td class=\"et4\" width=\"244\">108 (6\u00d718)<\/td>\n<\/tr>\n<tr>\n<td class=\"et3\" width=\"88\" height=\"18\">Dimensiones<\/td>\n<td class=\"et4\" width=\"244\">1762 x 1134 x 30 mm (69,36 \u00d7 44,65 \u00d7 1,18 pulgadas)<\/td>\n<\/tr>\n<tr>\n<td class=\"et3\" width=\"88\" height=\"18\">Peso<\/td>\n<td class=\"et4\" width=\"244\">22,5 kg<\/td>\n<\/tr>\n<tr>\n<td class=\"et3\" width=\"88\" height=\"35\">Cristal delantero<\/td>\n<td class=\"et4\" width=\"244\">3,2 mm, revestimiento antirreflectante. Alta transmisi\u00f3n, bajo contenido en hierro, vidrio templado.<\/td>\n<\/tr>\n<tr>\n<td class=\"et3\" width=\"88\" height=\"18\">Marco<\/td>\n<td class=\"et4\" width=\"244\">Aleaci\u00f3n de aluminio anodizado<\/td>\n<\/tr>\n<tr>\n<td class=\"et3\" width=\"88\" height=\"18\">Caja de empalmes<\/td>\n<td class=\"et4\" width=\"244\">Clasificaci\u00f3n IP68<\/td>\n<\/tr>\n<tr>\n<td class=\"et3\" colspan=\"1\" rowspan=\"1\">Paquete<\/td>\n<td class=\"et3\" colspan=\"1\" rowspan=\"1\">36 unidades\/pal\u00e9; 936 unidades\/40 hq<\/td>\n<\/tr>\n<tr>\n<td class=\"et3\" width=\"88\" height=\"35\">Cables de salida<\/td>\n<td class=\"et4\" width=\"244\">TUV 1\u00d74,0 mm (+): 400 mm, (-): 200 mm o longitud personalizada<\/td>\n<\/tr>\n<\/tbody>\n<\/table>\n<p><strong>Descripci\u00f3n del producto<\/strong><\/p>\n<p>&nbsp;<\/p>\n<p><strong>Panel solar AKS Jinko Tiger Neo tipo N 54HL4R-B 420 W 425 W 430 W 435 W 440 W Panel solar Jinko Solar Plaque Solaire<\/strong><\/p>\n<p>Potencia de salida: La serie de paneles solares Jinko Tiger Neo tipo N proporciona potencias de salida elevadas que oscilan entre 420 W y 440 W. Estos paneles ofrecen un excelente potencial de generaci\u00f3n de energ\u00eda, lo que permite una producci\u00f3n m\u00e1xima de electricidad en aplicaciones residenciales, comerciales y a escala industrial.<\/p>\n<p>Tecnolog\u00eda monocristalina de tipo N: Los paneles Tiger Neo cuentan con c\u00e9lulas de silicio monocristalino de tipo N. La tecnolog\u00eda de tipo N mejora la eficiencia y el rendimiento de los paneles, lo que se traduce en un mayor rendimiento energ\u00e9tico y una mayor producci\u00f3n general del sistema. El dise\u00f1o \u00fanico y la avanzada arquitectura de las c\u00e9lulas de la serie Tiger Neo contribuyen a mejorar el rendimiento incluso en condiciones de poca luz.<\/p>\n<p><strong>Tecnolog\u00eda SMBB<\/strong><\/p>\n<p>Mejor captura de luz y captaci\u00f3n de corriente para mejorar la potencia y fiabilidad del m\u00f3dulo<\/p>\n<p><strong>Tecnolog\u00eda Hot 2.0<\/strong><\/p>\n<p>El m\u00f3dulo de tipo N con tecnolog\u00eda Hot 2.0 tiene mayor fiabilidad y menor LID\/LETID.<\/p>\n<p><strong>Resistencia PID<\/strong><\/p>\n<p>Excelente garant\u00eda de rendimiento Anti-PID mediante un proceso de producci\u00f3n en serie optimizado y control de materiales.<\/p>\n<p><strong>Carga mec\u00e1nica mejorada<\/strong><\/p>\n<p>Certificado para soportar: carga de viento (2400 Pascal) y carga de nieve (5400 Pascal).<\/p>\n<p>Durabilidad frente a condiciones ambientales extremas<\/p>\n<p>Alta resistencia a la niebla salina y al amon\u00edaco<\/p>\n<p><img decoding=\"async\" src=\"http:\/\/jinkosolarpv.com\/wp-content\/uploads\/2025\/11\/31f6d9afabf46ae99d7e07a06baa7189.jpg\" alt=\"\" title=\"\"><\/p>","protected":false},"excerpt":{"rendered":"<p>N\u00famero de m\u00f3dulo: Tiger Neo tipo N 54HL4R-B 420-440 W<br \/>\nPeso: 22,5 kg<br \/>\nPaquete: 36 unidades\/pal\u00e9; 936 unidades\/40 hq<br \/>\nEspecificaciones: 1762 x 1134 x 30 mm<br \/>\nMarca:Jinko solar<br \/>\nOrigen:China<\/p>","protected":false},"featured_media":201,"comment_status":"open","ping_status":"closed","template":"","meta":{"site-sidebar-layout":"default","site-content-layout":"","ast-site-content-layout":"default","site-content-style":"default","site-sidebar-style":"default","ast-global-header-display":"","ast-banner-title-visibility":"","ast-main-header-display":"","ast-hfb-above-header-display":"","ast-hfb-below-header-display":"","ast-hfb-mobile-header-display":"","site-post-title":"","ast-breadcrumbs-content":"","ast-featured-img":"","footer-sml-layout":"","theme-transparent-header-meta":"default","adv-header-id-meta":"","stick-header-meta":"","header-above-stick-meta":"","header-main-stick-meta":"","header-below-stick-meta":"","astra-migrate-meta-layouts":"set","ast-page-background-enabled":"default","ast-page-background-meta":{"desktop":{"background-color":"var(--ast-global-color-5)","background-image":"","background-repeat":"repeat","background-position":"center center","background-size":"auto","background-attachment":"scroll","background-type":"","background-media":"","overlay-type":"","overlay-color":"","overlay-opacity":"","overlay-gradient":""},"tablet":{"background-color":"","background-image":"","background-repeat":"repeat","background-position":"center center","background-size":"auto","background-attachment":"scroll","background-type":"","background-media":"","overlay-type":"","overlay-color":"","overlay-opacity":"","overlay-gradient":""},"mobile":{"background-color":"","background-image":"","background-repeat":"repeat","background-position":"center center","background-size":"auto","background-attachment":"scroll","background-type":"","background-media":"","overlay-type":"","overlay-color":"","overlay-opacity":"","overlay-gradient":""}},"ast-content-background-meta":{"desktop":{"background-color":"var(--ast-global-color-4)","background-image":"","background-repeat":"repeat","background-position":"center center","background-size":"auto","background-attachment":"scroll","background-type":"","background-media":"","overlay-type":"","overlay-color":"","overlay-opacity":"","overlay-gradient":""},"tablet":{"background-color":"var(--ast-global-color-4)","background-image":"","background-repeat":"repeat","background-position":"center center","background-size":"auto","background-attachment":"scroll","background-type":"","background-media":"","overlay-type":"","overlay-color":"","overlay-opacity":"","overlay-gradient":""},"mobile":{"background-color":"var(--ast-global-color-4)","background-image":"","background-repeat":"repeat","background-position":"center center","background-size":"auto","background-attachment":"scroll","background-type":"","background-media":"","overlay-type":"","overlay-color":"","overlay-opacity":"","overlay-gradient":""}}},"product_brand":[],"product_cat":[19],"product_tag":[],"class_list":{"0":"post-197","1":"product","2":"type-product","3":"status-publish","4":"has-post-thumbnail","6":"product_cat-jinko-solar-panel","7":"desktop-align-left","8":"tablet-align-left","9":"mobile-align-left","11":"first","12":"instock","13":"shipping-taxable","14":"product-type-simple"},"_links":{"self":[{"href":"https:\/\/jinkosolarpv.com\/es\/wp-json\/wp\/v2\/product\/197","targetHints":{"allow":["GET"]}}],"collection":[{"href":"https:\/\/jinkosolarpv.com\/es\/wp-json\/wp\/v2\/product"}],"about":[{"href":"https:\/\/jinkosolarpv.com\/es\/wp-json\/wp\/v2\/types\/product"}],"replies":[{"embeddable":true,"href":"https:\/\/jinkosolarpv.com\/es\/wp-json\/wp\/v2\/comments?post=197"}],"wp:featuredmedia":[{"embeddable":true,"href":"https:\/\/jinkosolarpv.com\/es\/wp-json\/wp\/v2\/media\/201"}],"wp:attachment":[{"href":"https:\/\/jinkosolarpv.com\/es\/wp-json\/wp\/v2\/media?parent=197"}],"wp:term":[{"taxonomy":"product_brand","embeddable":true,"href":"https:\/\/jinkosolarpv.com\/es\/wp-json\/wp\/v2\/product_brand?post=197"},{"taxonomy":"product_cat","embeddable":true,"href":"https:\/\/jinkosolarpv.com\/es\/wp-json\/wp\/v2\/product_cat?post=197"},{"taxonomy":"product_tag","embeddable":true,"href":"https:\/\/jinkosolarpv.com\/es\/wp-json\/wp\/v2\/product_tag?post=197"}],"curies":[{"name":"wp","href":"https:\/\/api.w.org\/{rel}","templated":true}]}}