{"id":184,"date":"2025-11-16T21:08:22","date_gmt":"2025-11-16T13:08:22","guid":{"rendered":"https:\/\/jinkosolarpv.com\/?post_type=product&#038;p=184"},"modified":"2025-11-27T13:55:05","modified_gmt":"2025-11-27T05:55:05","slug":"jinko-tiger-neo-78hl4-bdv-625630635640645650w","status":"publish","type":"product","link":"https:\/\/jinkosolarpv.com\/es\/product\/jinko-tiger-neo-78hl4-bdv-625630635640645650w\/","title":{"rendered":"Jinko Tiger Neo 78HL4-BDV 625,630,635,640,645,650W"},"content":{"rendered":"<p><strong>Detalles del producto<\/strong><\/p>\n<p>&nbsp;<\/p>\n<table width=\"520\" cellspacing=\"0\" cellpadding=\"0\">\n<colgroup>\n<col width=\"171\" \/>\n<col width=\"96\" \/>\n<col width=\"108\" \/>\n<col width=\"273\" \/><\/colgroup>\n<tbody>\n<tr class=\"firstRow\">\n<td colspan=\"2\" width=\"215\" height=\"38\">Tipo de c\u00e9lula<\/td>\n<td colspan=\"2\" width=\"306\">\u00a0 Tipo N Monocristalino<\/td>\n<\/tr>\n<tr>\n<td colspan=\"2\" width=\"215\" height=\"30\">N\u00ba de c\u00e9lulas<\/td>\n<td colspan=\"2\" width=\"306\">\u00a0 156 (2 \u00d7 78)<\/td>\n<\/tr>\n<tr>\n<td colspan=\"2\" width=\"215\" height=\"30\">Dimensiones<\/td>\n<td colspan=\"2\" width=\"306\">\u00a0 2465 \u00d7 1134 \u00d7 30 mm<\/td>\n<\/tr>\n<tr>\n<td colspan=\"2\" width=\"215\" height=\"30\">Peso<\/td>\n<td colspan=\"2\" width=\"306\">\u00a0 34,0 kg<\/td>\n<\/tr>\n<tr>\n<td colspan=\"2\" width=\"215\" height=\"30\">FrontGlass<\/td>\n<td colspan=\"2\" width=\"306\">\u00a0 2,0 mm, revestimiento antirreflectante<\/td>\n<\/tr>\n<tr>\n<td colspan=\"2\" width=\"215\" height=\"30\">Cristal trasero<\/td>\n<td colspan=\"2\" width=\"306\">\u00a0 2,0 mm, vidrio templado<\/td>\n<\/tr>\n<tr>\n<td colspan=\"2\" width=\"215\" height=\"30\">Marco<\/td>\n<td colspan=\"2\" width=\"306\">\u00a0 Aleaci\u00f3n de aluminio anodizado<\/td>\n<\/tr>\n<tr>\n<td colspan=\"2\" width=\"215\" height=\"30\">Caja de empalmes<\/td>\n<td colspan=\"2\" width=\"306\">\u00a0 Clasificaci\u00f3n IP68<\/td>\n<\/tr>\n<tr>\n<td colspan=\"2\" width=\"215\" height=\"30\">Clase de protecci\u00f3n<\/td>\n<td colspan=\"2\" width=\"306\">\u00a0 Clase<\/td>\n<\/tr>\n<tr>\n<td colspan=\"2\" width=\"215\" height=\"30\">Tipo Fuego<\/td>\n<td colspan=\"2\" width=\"306\">\u00a0 Clase C<\/td>\n<\/tr>\n<tr>\n<td colspan=\"2\" width=\"215\" height=\"18\">Cables de salida<\/td>\n<td colspan=\"2\" width=\"306\">TUV 1\u00d74,0 mm?(+):400 mm, (-): 200 mm o longitud personalizada<\/td>\n<\/tr>\n<\/tbody>\n<\/table>\n<p><strong>Descripci\u00f3n del producto<\/strong><\/p>\n<p><strong>Jinko 625W 630W 635W 640W 645W 650W Paneles solares en oferta en China Paneles solares de medio corte en stock<\/strong><\/p>\n<p><strong>\u00bfPor qu\u00e9 Jinko 78HL4-BDV?<\/strong><\/p>\n<p>Presentamos el Jinko 78HL4M-BDV: \u00a1la potencia de la energ\u00eda solar!<\/p>\n<p>\u00bfEst\u00e1s listo para llevar tu energ\u00eda solar al siguiente nivel? \u00a1No busques m\u00e1s, el Jinko 78HL4M-BDV, un panel solar monocristalino de doble cara y corte medio de alta eficiencia de la serie Jinko Tiger PRO, es lo que necesitas!<\/p>\n<p>Con su tecnolog\u00eda de tipo N, este panel solar presenta una menor degradaci\u00f3n inducida por la luz (LID), lo que garantiza el m\u00e1ximo rendimiento y longevidad. \u00a1Desp\u00eddase de las p\u00e9rdidas de eficiencia causadas por la LID y d\u00e9 la bienvenida a una generaci\u00f3n de energ\u00eda constante!<\/p>\n<p>\u00a1Pero eso no es todo! El Jinko 78HL4M-BDV tambi\u00e9n cuenta con tecnolog\u00eda multibusbar, que mejora la utilizaci\u00f3n de la luz y la capacidad de recolecci\u00f3n de corriente. Esto significa que puede aprovechar m\u00e1s la luz solar y generar m\u00e1s electricidad, \u00a1sacando el m\u00e1ximo partido a cada rayo de sol!<\/p>\n<p>Lo que distingue a este panel solar es su capacidad de generaci\u00f3n de energ\u00eda por ambas caras. Al capturar la luz solar por ambos lados, puede alcanzar una impresionante eficiencia de conversi\u00f3n de hasta 25%. Esto no solo reduce significativamente el coste nivelado de la electricidad (LCOE), sino que tambi\u00e9n maximiza la producci\u00f3n de energ\u00eda, incluso en espacios limitados.<\/p>\n<p>Prep\u00e1rese para experimentar lo \u00faltimo en energ\u00eda solar con el Jinko 78HL4M-BDV. Con una potencia m\u00e1xima de 555 W y una eficiencia m\u00e1xima del m\u00f3dulo de 21,481 TP3T, este panel solar supone una aut\u00e9ntica revoluci\u00f3n en el sector.<\/p>\n<p>Tanto si eres propietario de una vivienda, empresario o entusiasta del medio ambiente, el Jinko 78HL4M-BDV es la elecci\u00f3n perfecta para tus necesidades de energ\u00eda solar. Apuesta por la sostenibilidad, reduce tu huella de carbono y ahorra en costes energ\u00e9ticos con este panel solar de \u00faltima generaci\u00f3n.<\/p>\n<p><img decoding=\"async\" src=\"http:\/\/jinkosolarpv.com\/wp-content\/uploads\/2025\/11\/453d2ab6987225072d629f93fbe7b17d.png\" alt=\"\" title=\"\"><\/p>","protected":false},"excerpt":{"rendered":"<p>N\u00famero de m\u00f3dulo: Tiger Neo 78HL4-BDV 625-650 W<br \/>\nPeso: 34 kg<br \/>\nPaquete: 36 unidades\/pal\u00e9; 576 unidades\/40 hq<br \/>\nEspecificaciones: 2460 \u00d7 1134 \u00d7 30 mm<br \/>\nMarca:Jinko solar<br \/>\nOrigen:China<\/p>","protected":false},"featured_media":185,"comment_status":"open","ping_status":"closed","template":"","meta":{"site-sidebar-layout":"default","site-content-layout":"","ast-site-content-layout":"default","site-content-style":"default","site-sidebar-style":"default","ast-global-header-display":"","ast-banner-title-visibility":"","ast-main-header-display":"","ast-hfb-above-header-display":"","ast-hfb-below-header-display":"","ast-hfb-mobile-header-display":"","site-post-title":"","ast-breadcrumbs-content":"","ast-featured-img":"","footer-sml-layout":"","ast-disable-related-posts":"","theme-transparent-header-meta":"default","adv-header-id-meta":"","stick-header-meta":"","header-above-stick-meta":"","header-main-stick-meta":"","header-below-stick-meta":"","astra-migrate-meta-layouts":"set","ast-page-background-enabled":"default","ast-page-background-meta":{"desktop":{"background-color":"var(--ast-global-color-5)","background-image":"","background-repeat":"repeat","background-position":"center center","background-size":"auto","background-attachment":"scroll","background-type":"","background-media":"","overlay-type":"","overlay-color":"","overlay-opacity":"","overlay-gradient":""},"tablet":{"background-color":"","background-image":"","background-repeat":"repeat","background-position":"center center","background-size":"auto","background-attachment":"scroll","background-type":"","background-media":"","overlay-type":"","overlay-color":"","overlay-opacity":"","overlay-gradient":""},"mobile":{"background-color":"","background-image":"","background-repeat":"repeat","background-position":"center center","background-size":"auto","background-attachment":"scroll","background-type":"","background-media":"","overlay-type":"","overlay-color":"","overlay-opacity":"","overlay-gradient":""}},"ast-content-background-meta":{"desktop":{"background-color":"var(--ast-global-color-4)","background-image":"","background-repeat":"repeat","background-position":"center center","background-size":"auto","background-attachment":"scroll","background-type":"","background-media":"","overlay-type":"","overlay-color":"","overlay-opacity":"","overlay-gradient":""},"tablet":{"background-color":"var(--ast-global-color-4)","background-image":"","background-repeat":"repeat","background-position":"center center","background-size":"auto","background-attachment":"scroll","background-type":"","background-media":"","overlay-type":"","overlay-color":"","overlay-opacity":"","overlay-gradient":""},"mobile":{"background-color":"var(--ast-global-color-4)","background-image":"","background-repeat":"repeat","background-position":"center center","background-size":"auto","background-attachment":"scroll","background-type":"","background-media":"","overlay-type":"","overlay-color":"","overlay-opacity":"","overlay-gradient":""}}},"product_brand":[],"product_cat":[19],"product_tag":[],"class_list":{"0":"post-184","1":"product","2":"type-product","3":"status-publish","4":"has-post-thumbnail","6":"product_cat-jinko-solar-panel","7":"desktop-align-left","8":"tablet-align-left","9":"mobile-align-left","11":"first","12":"instock","13":"shipping-taxable","14":"product-type-simple"},"_links":{"self":[{"href":"https:\/\/jinkosolarpv.com\/es\/wp-json\/wp\/v2\/product\/184","targetHints":{"allow":["GET"]}}],"collection":[{"href":"https:\/\/jinkosolarpv.com\/es\/wp-json\/wp\/v2\/product"}],"about":[{"href":"https:\/\/jinkosolarpv.com\/es\/wp-json\/wp\/v2\/types\/product"}],"replies":[{"embeddable":true,"href":"https:\/\/jinkosolarpv.com\/es\/wp-json\/wp\/v2\/comments?post=184"}],"wp:featuredmedia":[{"embeddable":true,"href":"https:\/\/jinkosolarpv.com\/es\/wp-json\/wp\/v2\/media\/185"}],"wp:attachment":[{"href":"https:\/\/jinkosolarpv.com\/es\/wp-json\/wp\/v2\/media?parent=184"}],"wp:term":[{"taxonomy":"product_brand","embeddable":true,"href":"https:\/\/jinkosolarpv.com\/es\/wp-json\/wp\/v2\/product_brand?post=184"},{"taxonomy":"product_cat","embeddable":true,"href":"https:\/\/jinkosolarpv.com\/es\/wp-json\/wp\/v2\/product_cat?post=184"},{"taxonomy":"product_tag","embeddable":true,"href":"https:\/\/jinkosolarpv.com\/es\/wp-json\/wp\/v2\/product_tag?post=184"}],"curies":[{"name":"wp","href":"https:\/\/api.w.org\/{rel}","templated":true}]}}