{"id":910,"date":"2025-11-20T15:43:03","date_gmt":"2025-11-20T07:43:03","guid":{"rendered":"https:\/\/jinkosolarpv.com\/?page_id=910"},"modified":"2025-11-20T15:48:34","modified_gmt":"2025-11-20T07:48:34","slug":"politica-de-privacidad","status":"publish","type":"page","link":"https:\/\/jinkosolarpv.com\/es\/politica-de-privacidad\/","title":{"rendered":"Pol\u00edtica de privacidad"},"content":{"rendered":"<div data-elementor-type=\"wp-page\" data-elementor-id=\"910\" class=\"elementor elementor-910\" data-elementor-post-type=\"page\">\n\t\t\t\t<div class=\"elementor-element elementor-element-75bf70f9 e-flex e-con-boxed e-con e-parent\" data-id=\"75bf70f9\" data-element_type=\"container\" data-e-type=\"container\">\n\t\t\t\t\t<div class=\"e-con-inner\">\n\t\t\t\t<div class=\"elementor-element elementor-element-28fb14a elementor-widget elementor-widget-heading\" data-id=\"28fb14a\" data-element_type=\"widget\" data-e-type=\"widget\" data-widget_type=\"heading.default\">\n\t\t\t\t\t<h2 class=\"elementor-heading-title elementor-size-default\">Pol\u00edtica de privacidad<\/h2>\t\t\t\t<\/div>\n\t\t\t\t<div class=\"elementor-element elementor-element-1acf0b31 elementor-widget elementor-widget-text-editor\" data-id=\"1acf0b31\" data-element_type=\"widget\" data-e-type=\"widget\" data-widget_type=\"text-editor.default\">\n\t\t\t\t\t\t\t\t\t\n<h2 class=\"wp-block-heading\"><\/h2>\n<h2 class=\"wp-block-heading\">1. 1. Qui\u00e9nes somos<\/h2>\n<h2 class=\"wp-block-heading\"> <\/h2>\n<p>Bienvenido a jinkosolarpv.com. Utilizamos este sitio web para compartir informaci\u00f3n sobre soluciones de energ\u00eda solar. Cuando nos referimos a \u201cnosotros\u201d, \u201cnos\u201d o \u201cnuestro\u201d, nos referimos al propietario de este sitio web (por favor, introduzca aqu\u00ed el nombre de su empresa, direcci\u00f3n y datos de contacto).<br \/>Nos comprometemos a proteger y respetar su privacidad.<\/p>\n<h2 class=\"wp-block-heading\"> <\/h2>\n<h2 class=\"wp-block-heading\">2. Informaci\u00f3n que podemos recopilar<\/h2>\n<h2 class=\"wp-block-heading\"> <\/h2>\n<p>Podemos recoger y procesar los siguientes tipos de informaci\u00f3n:<\/p>\n<h2 class=\"wp-block-heading\"> <\/h2>\n<h3 class=\"wp-block-heading\">2.1 Informaci\u00f3n facilitada por el usuario<\/h3>\n<h2 class=\"wp-block-heading\"> <\/h2>\n<ul class=\"wp-block-list\">\n<li>Su nombre, nombre de la empresa, cargo.<\/li>\n \n<li>Informaci\u00f3n de contacto, como direcci\u00f3n de correo electr\u00f3nico, n\u00famero de tel\u00e9fono y direcci\u00f3n postal.<\/li>\n \n<li>Informaci\u00f3n que usted proporciona cuando rellena formularios en nuestro sitio web (por ejemplo, formularios de consulta).<\/li>\n \n<li>Cualquier otra informaci\u00f3n que decida facilitarnos (por ejemplo, en correos electr\u00f3nicos o al ponerse en contacto con nosotros).<\/li>\n<\/ul>\n<h2 class=\"wp-block-heading\"> <\/h2>\n<h3 class=\"wp-block-heading\">2.2 Informaci\u00f3n recogida autom\u00e1ticamente<\/h3>\n<h2 class=\"wp-block-heading\"> <\/h2>\n<ul class=\"wp-block-list\">\n<li>Su direcci\u00f3n IP, tipo y versi\u00f3n de navegador, configuraci\u00f3n de zona horaria.<\/li>\n \n<li>Tu tipo de dispositivo y sistema operativo.<\/li>\n \n<li>Informaci\u00f3n sobre el uso del sitio web (p\u00e1ginas visitadas, enlaces pulsados, tiempo de navegaci\u00f3n).<\/li>\n \n<li>Cookies o tecnolog\u00edas similares (v\u00e9ase la secci\u00f3n 5).<\/li>\n \n<li>Otra informaci\u00f3n t\u00e9cnica necesaria para el funcionamiento y la mejora del sitio web.<\/li>\n<\/ul>\n<h2 class=\"wp-block-heading\"> <\/h2>\n<h2 class=\"wp-block-heading\">3. C\u00f3mo utilizamos su informaci\u00f3n<\/h2>\n<h2 class=\"wp-block-heading\"> <\/h2>\n<p>Utilizamos su informaci\u00f3n para los siguientes fines:<\/p>\n<h2 class=\"wp-block-heading\"> <\/h2>\n<ul class=\"wp-block-list\">\n<li>Responder a sus consultas y facilitarle la informaci\u00f3n que solicite.<\/li>\n \n<li>Proporcionar y operar nuestro sitio web, y garantizar su seguridad y funcionamiento.<\/li>\n \n<li>Para mejorar nuestro sitio web, incluido el an\u00e1lisis de c\u00f3mo se utiliza.<\/li>\n \n<li>Para comunicarnos con usted acerca de nuestros servicios y actualizaciones (si ha dado su consentimiento).<\/li>\n \n<li>Cumplir con obligaciones legales o reglamentarias y proteger nuestros derechos legales.<\/li>\n<\/ul>\n<h2 class=\"wp-block-heading\"> <\/h2>\n<h2 class=\"wp-block-heading\">4. Compartir su informaci\u00f3n<\/h2>\n<h2 class=\"wp-block-heading\"> <\/h2>\n<p>No venderemos sus datos personales. Podemos compartir su informaci\u00f3n en estos casos:<\/p>\n<h2 class=\"wp-block-heading\"> <\/h2>\n<ul class=\"wp-block-list\">\n<li>Con proveedores de servicios que nos ayudan a operar el sitio web (por ejemplo, alojamiento, an\u00e1lisis) bajo obligaciones contractuales para mantener los datos seguros y confidenciales.<\/li>\n \n<li>Si as\u00ed lo exige la ley o para responder a reclamaciones o procesos legales.<\/li>\n \n<li>En relaci\u00f3n con un traspaso de empresa: por ejemplo, si se vende, fusiona o reestructura una parte o la totalidad de nuestra empresa, su informaci\u00f3n puede transferirse como parte de esa transacci\u00f3n.<\/li>\n \n<li>Con su consentimiento.<\/li>\n<\/ul>\n<h2 class=\"wp-block-heading\"> <\/h2>\n<h2 class=\"wp-block-heading\">5. Cookies y tecnolog\u00edas de seguimiento<\/h2>\n<h2 class=\"wp-block-heading\"> <\/h2>\n<p>Utilizamos cookies, balizas web y tecnolog\u00edas similares para recopilar informaci\u00f3n sobre c\u00f3mo los visitantes utilizan nuestro sitio web. Puede configurar su navegador para que rechace las cookies o para que le avise cuando se env\u00eden cookies. Sin embargo, tenga en cuenta que algunas partes del sitio web pueden no funcionar correctamente si desactiva las cookies.<\/p>\n<h2 class=\"wp-block-heading\"> <\/h2>\n<h2 class=\"wp-block-heading\">6. Conservaci\u00f3n de datos<\/h2>\n<h2 class=\"wp-block-heading\"> <\/h2>\n<p>Conservaremos su informaci\u00f3n personal s\u00f3lo durante el tiempo que sea necesario para los fines establecidos en la presente Pol\u00edtica de Privacidad y de conformidad con la legislaci\u00f3n aplicable. Cuando su informaci\u00f3n ya no sea necesaria, la eliminaremos o anonimizaremos de forma segura.<\/p>\n<h2 class=\"wp-block-heading\"> <\/h2>\n<h2 class=\"wp-block-heading\">7. 7. Transferencias internacionales<\/h2>\n<h2 class=\"wp-block-heading\"> <\/h2>\n<p>Dado que operamos a nivel internacional, sus datos personales pueden ser transferidos y tratados en pa\u00edses distintos al suyo. Si su pa\u00eds est\u00e1 sujeto a normas adicionales de protecci\u00f3n de datos (por ejemplo, el GDPR de la UE), nos aseguraremos de mantener un nivel adecuado de protecci\u00f3n.<\/p>\n<h2 class=\"wp-block-heading\"> <\/h2>\n<h2 class=\"wp-block-heading\">8. Sus derechos<\/h2>\n<h2 class=\"wp-block-heading\"> <\/h2>\n<p>Dependiendo de su jurisdicci\u00f3n, usted puede tener derechos en relaci\u00f3n con su informaci\u00f3n personal, incluyendo:<\/p>\n<h2 class=\"wp-block-heading\"> <\/h2>\n<ul class=\"wp-block-list\">\n<li>Acceder a la informaci\u00f3n que tenemos sobre usted.<\/li>\n \n<li>Corregir informaci\u00f3n inexacta o incompleta.<\/li>\n \n<li>Solicitar la supresi\u00f3n de sus datos personales.<\/li>\n \n<li>Oponerse o restringir determinados tratamientos de su informaci\u00f3n.<\/li>\n \n<li>Retirar el consentimiento (si el consentimiento era la base jur\u00eddica del tratamiento).<\/li>\n \n<li>Portabilidad de los datos (si procede).<br \/>Si desea ejercer alguno de estos derechos, p\u00f3ngase en contacto con nosotros (v\u00e9ase la secci\u00f3n 10). Responderemos a su solicitud de conformidad con la legislaci\u00f3n aplicable.<\/li>\n<\/ul>\n<h2 class=\"wp-block-heading\"> <\/h2>\n<h2 class=\"wp-block-heading\">9. Seguridad<\/h2>\n<h2 class=\"wp-block-heading\"> <\/h2>\n<p>Aplicamos medidas organizativas, t\u00e9cnicas y administrativas razonables para proteger su informaci\u00f3n personal contra el acceso no autorizado, el uso indebido, la p\u00e9rdida o la divulgaci\u00f3n. No obstante, tenga en cuenta que ning\u00fan m\u00e9todo de transmisi\u00f3n por Internet es 100% seguro.<\/p>\n<h2 class=\"wp-block-heading\"> <\/h2>\n<h2 class=\"wp-block-heading\">10. Cambios en esta pol\u00edtica de privacidad<\/h2>\n<h2 class=\"wp-block-heading\"> <\/h2>\n<p>Podemos actualizar esta Pol\u00edtica de Privacidad de vez en cuando publicando una nueva versi\u00f3n en nuestro sitio web. La fecha de \u201c\u00daltima actualizaci\u00f3n\u201d indicar\u00e1 cu\u00e1ndo se modific\u00f3 la pol\u00edtica por \u00faltima vez. Le recomendamos que consulte peri\u00f3dicamente esta p\u00e1gina para comprobar si se han producido cambios.<\/p>\n<h2 class=\"wp-block-heading\"> <\/h2>\n<h2 class=\"wp-block-heading\">11. Contacto<\/h2>\n<h2 class=\"wp-block-heading\"> <\/h2>\n<p>Si tiene alguna pregunta, comentario o solicitud en relaci\u00f3n con esta Pol\u00edtica de Privacidad o nuestras pr\u00e1cticas de tratamiento de datos, p\u00f3ngase en contacto con nosotros:<br \/>Nombre de la empresa: Wuxi Holy Matrix Group Co., Ltd.<br \/>Direcci\u00f3n: 6060 Science and Technology Park NO.1588 Zhonghui Avenue,Qianzhou Community,Wuxi city, China<br \/>Correo electr\u00f3nico: <a href=\"mailto:unite.stephen@vip.163.com\">unite.stephen@vip.163.com<\/a><br \/>Tel\u00e9fono: <a href=\"tel:86-13382226325\">+86-13382226325<\/a><\/p>\n\t\t\t\t\t\t\t\t<\/div>\n\t\t\t\t\t<\/div>\n\t\t\t\t<\/div>\n\t\t\t\t<\/div>","protected":false},"excerpt":{"rendered":"<p>Pol\u00edtica de privacidad<\/p>","protected":false},"author":2,"featured_media":0,"parent":0,"menu_order":0,"comment_status":"closed","ping_status":"closed","template":"","meta":{"site-sidebar-layout":"default","site-content-layout":"","ast-site-content-layout":"default","site-content-style":"default","site-sidebar-style":"default","ast-global-header-display":"","ast-banner-title-visibility":"","ast-main-header-display":"","ast-hfb-above-header-display":"","ast-hfb-below-header-display":"","ast-hfb-mobile-header-display":"","site-post-title":"disabled","ast-breadcrumbs-content":"","ast-featured-img":"","footer-sml-layout":"","theme-transparent-header-meta":"","adv-header-id-meta":"","stick-header-meta":"","header-above-stick-meta":"","header-main-stick-meta":"","header-below-stick-meta":"","astra-migrate-meta-layouts":"default","ast-page-background-enabled":"default","ast-page-background-meta":{"desktop":{"background-color":"var(--ast-global-color-5)","background-image":"","background-repeat":"repeat","background-position":"center center","background-size":"auto","background-attachment":"scroll","background-type":"","background-media":"","overlay-type":"","overlay-color":"","overlay-opacity":"","overlay-gradient":""},"tablet":{"background-color":"","background-image":"","background-repeat":"repeat","background-position":"center center","background-size":"auto","background-attachment":"scroll","background-type":"","background-media":"","overlay-type":"","overlay-color":"","overlay-opacity":"","overlay-gradient":""},"mobile":{"background-color":"","background-image":"","background-repeat":"repeat","background-position":"center center","background-size":"auto","background-attachment":"scroll","background-type":"","background-media":"","overlay-type":"","overlay-color":"","overlay-opacity":"","overlay-gradient":""}},"ast-content-background-meta":{"desktop":{"background-color":"var(--ast-global-color-4)","background-image":"","background-repeat":"repeat","background-position":"center center","background-size":"auto","background-attachment":"scroll","background-type":"","background-media":"","overlay-type":"","overlay-color":"","overlay-opacity":"","overlay-gradient":""},"tablet":{"background-color":"var(--ast-global-color-4)","background-image":"","background-repeat":"repeat","background-position":"center center","background-size":"auto","background-attachment":"scroll","background-type":"","background-media":"","overlay-type":"","overlay-color":"","overlay-opacity":"","overlay-gradient":""},"mobile":{"background-color":"var(--ast-global-color-4)","background-image":"","background-repeat":"repeat","background-position":"center center","background-size":"auto","background-attachment":"scroll","background-type":"","background-media":"","overlay-type":"","overlay-color":"","overlay-opacity":"","overlay-gradient":""}},"footnotes":""},"class_list":["post-910","page","type-page","status-publish","hentry"],"_hostinger_reach_plugin_has_subscription_block":false,"_hostinger_reach_plugin_is_elementor":false,"_links":{"self":[{"href":"https:\/\/jinkosolarpv.com\/es\/wp-json\/wp\/v2\/pages\/910","targetHints":{"allow":["GET"]}}],"collection":[{"href":"https:\/\/jinkosolarpv.com\/es\/wp-json\/wp\/v2\/pages"}],"about":[{"href":"https:\/\/jinkosolarpv.com\/es\/wp-json\/wp\/v2\/types\/page"}],"author":[{"embeddable":true,"href":"https:\/\/jinkosolarpv.com\/es\/wp-json\/wp\/v2\/users\/2"}],"replies":[{"embeddable":true,"href":"https:\/\/jinkosolarpv.com\/es\/wp-json\/wp\/v2\/comments?post=910"}],"version-history":[{"count":11,"href":"https:\/\/jinkosolarpv.com\/es\/wp-json\/wp\/v2\/pages\/910\/revisions"}],"predecessor-version":[{"id":926,"href":"https:\/\/jinkosolarpv.com\/es\/wp-json\/wp\/v2\/pages\/910\/revisions\/926"}],"wp:attachment":[{"href":"https:\/\/jinkosolarpv.com\/es\/wp-json\/wp\/v2\/media?parent=910"}],"curies":[{"name":"wp","href":"https:\/\/api.w.org\/{rel}","templated":true}]}}